{"id":8936,"date":"2024-10-23T21:00:33","date_gmt":"2024-10-23T19:00:33","guid":{"rendered":"http:\/\/www.hausarztpraxis-am-salinenpark.de\/?page_id=8936"},"modified":"2025-02-24T17:28:31","modified_gmt":"2025-02-24T16:28:31","slug":"diabetologische-betreuung-werne","status":"publish","type":"page","link":"https:\/\/www.hausarztpraxis-am-salinenpark.de\/index.php\/diabetologische-betreuung-werne\/","title":{"rendered":"Diabetologische Leistungen"},"content":{"rendered":"<section class=\"l-section wpb_row us_custom_0cea4033 height_huge width_full\"><div class=\"l-section-h i-cf\"><div class=\"g-cols vc_row via_grid cols_1 laptops-cols_inherit tablets-cols_inherit mobiles-cols_1 valign_top type_default stacking_default\"><div class=\"wpb_column vc_column_container\"><div class=\"vc_column-inner\"><h1 class=\"w-text us_custom_847a6d9d\"><span class=\"w-text-h\"><span class=\"w-text-value\">Diabetologische Leistungen<\/span><\/span><\/h1><\/div><\/div><\/div><\/div><\/section><section class=\"l-section wpb_row us_custom_a9ed51fc height_auto\"><div class=\"l-section-h i-cf\"><div class=\"g-cols vc_row via_grid cols_2 laptops-cols_inherit tablets-cols_2 mobiles-cols_1 valign_middle type_default stacking_default\" style=\"--columns-gap:2vw;\"><div data-us-scroll=\"{&quot;from_initial_position&quot;:&quot;0&quot;,&quot;start_position&quot;:&quot;0%&quot;,&quot;end_position&quot;:&quot;100%&quot;,&quot;delay&quot;:&quot;0.1s&quot;,&quot;translate_y_direction&quot;:&quot;up&quot;,&quot;translate_y_speed&quot;:&quot;0.5x&quot;}\" class=\"wpb_column vc_column_container us_custom_33705ad4 hide_on_mobiles has_scroll_effects has_translate_y has_bg_color\"><div class=\"vc_column-inner\"><\/div><\/div><div class=\"wpb_column vc_column_container us_custom_5943a84b\"><div class=\"vc_column-inner\"><h6 class=\"w-text us_custom_8c95f480\"><span class=\"w-text-h\"><span class=\"w-text-value\">Diabetologie in Werne \u2013 Umfassende Betreuung f\u00fcr Diabetespatienten Diabetes Werne \u2013 Fachkundige Unterst\u00fctzung in Ihrer Hausarztpraxis<\/span><\/span><\/h6><div class=\"wpb_text_column us_custom_c47564d9\"><div class=\"wpb_wrapper\"><p data-start=\"319\" data-end=\"634\">Die Diagnose <strong data-start=\"332\" data-end=\"344\">Diabetes<\/strong> stellt viele Betroffene vor neue Herausforderungen. Die Umstellung des Alltags, das Blutzuckermanagement und die richtige Ern\u00e4hrung werfen oft viele Fragen auf. In meiner <strong data-start=\"516\" data-end=\"543\">Hausarztpraxis in Werne <\/strong>biete ich Ihnen als spezialisierte \u00c4rztin eine umfassende <strong data-start=\"602\" data-end=\"631\">diabetologische Betreuung<\/strong>.<\/p>\n<p data-start=\"636\" data-end=\"959\">Durch meine Weiterbildung in <strong data-start=\"665\" data-end=\"745\">Diabetologie gem\u00e4\u00df den Richtlinien der Deutschen Diabetes Gesellschaft (DDG) <\/strong>erhalten Sie eine auf Ihre individuellen Bed\u00fcrfnisse abgestimmte Therapie. Mein Ziel ist es, Ihnen dabei zu helfen, Ihre <strong data-start=\"867\" data-end=\"900\">Lebensqualit\u00e4t trotz Diabetes<\/strong> zu erhalten und Ihre Gesundheit langfristig zu sch\u00fctzen.<\/p>\n<hr data-start=\"961\" data-end=\"966\" \/>\n<h4 data-start=\"968\" data-end=\"1025\"><strong data-start=\"971\" data-end=\"1023\">Individuelle Betreuung bei Ihrer Diabetologe\/in in \u00a0Werne<\/strong><\/h4>\n<p data-start=\"1027\" data-end=\"1310\">Jeder Mensch hat unterschiedliche gesundheitliche Voraussetzungen, weshalb eine <strong data-start=\"1107\" data-end=\"1145\">ma\u00dfgeschneiderte Diabetes-Therapie<\/strong> essenziell ist. In meiner Praxis nehmen wir uns Zeit, um Ihre pers\u00f6nliche Krankengeschichte zu verstehen und die f\u00fcr Sie beste Behandlungsstrategie zu entwickeln.<\/p>\n<\/div><\/div><\/div><\/div><\/div><\/div><\/section><section class=\"l-section wpb_row us_custom_3b5f19f2 height_auto\"><div class=\"l-section-h i-cf\"><div class=\"g-cols vc_row via_grid cols_2 laptops-cols_inherit tablets-cols_2 mobiles-cols_1 valign_middle type_default reversed stacking_default\" style=\"--columns-gap:2vw;\"><div class=\"wpb_column vc_column_container us_custom_f8d35e69\"><div class=\"vc_column-inner\"><div class=\"wpb_text_column us_custom_c47564d9\"><div class=\"wpb_wrapper\"><h4 data-start=\"1312\" data-end=\"1379\"><strong data-start=\"1316\" data-end=\"1377\">Unser Leistungsspektrum in der diabetologischen Betreuung<\/strong><\/h4>\n<ul>\n<li data-start=\"1380\" data-end=\"1849\">Individuelle <strong data-start=\"1395\" data-end=\"1422\">Diagnostik und Therapie<\/strong> f\u00fcr <strong data-start=\"1427\" data-end=\"1481\">Diabetes Typ 1, Typ 2<\/strong><\/li>\n<li data-start=\"1380\" data-end=\"1849\">Umfassende <strong data-start=\"1497\" data-end=\"1521\">Blutzuckerkontrollen<\/strong> und <strong data-start=\"1526\" data-end=\"1549\">Therapieanpassungen<\/strong><\/li>\n<li data-start=\"1380\" data-end=\"1849\">Pr\u00e4vention und <strong data-start=\"1569\" data-end=\"1617\">Fr\u00fcherkennung diabetischer Folgeerkrankungen<\/strong> (Herz-Kreislauf-Erkrankungen, Augenerkrankungen, Nierenprobleme)<\/li>\n<li data-start=\"1380\" data-end=\"1849\">Beratung zur <strong data-start=\"1700\" data-end=\"1748\">Ern\u00e4hrung, Bewegung und Lebensstil-Anpassung<\/strong><\/li>\n<li data-start=\"1380\" data-end=\"1849\">Unterst\u00fctzung bei der Auswahl und Anwendung von <strong data-start=\"1801\" data-end=\"1847\">Blutzuckermessger\u00e4ten und Insulintherapien<\/strong><\/li>\n<\/ul>\n<p data-start=\"1851\" data-end=\"1984\">Eine ganzheitliche Betreuung bedeutet, dass nicht nur die Erkrankung, sondern auch <strong data-start=\"1934\" data-end=\"1966\">Ihr allgemeines Wohlbefinden<\/strong> im Fokus steht.<\/p>\n<\/div><\/div><\/div><\/div><div data-us-scroll=\"{&quot;from_initial_position&quot;:&quot;0&quot;,&quot;start_position&quot;:&quot;0%&quot;,&quot;end_position&quot;:&quot;100%&quot;,&quot;delay&quot;:&quot;0.1s&quot;,&quot;translate_y_direction&quot;:&quot;up&quot;,&quot;translate_y_speed&quot;:&quot;0.5x&quot;}\" class=\"wpb_column vc_column_container us_custom_4650beab has_scroll_effects has_translate_y has_bg_color\"><div class=\"vc_column-inner\"><\/div><\/div><\/div><\/div><\/section><section class=\"l-section wpb_row us_custom_75fa7b62 height_auto\"><div class=\"l-section-h i-cf\"><div class=\"g-cols vc_row via_grid cols_2 laptops-cols_inherit tablets-cols_2 mobiles-cols_1 valign_middle type_default stacking_default\" style=\"--columns-gap:2vw;\"><div data-us-scroll=\"{&quot;from_initial_position&quot;:&quot;0&quot;,&quot;start_position&quot;:&quot;0%&quot;,&quot;end_position&quot;:&quot;100%&quot;,&quot;delay&quot;:&quot;0.1s&quot;,&quot;translate_y_direction&quot;:&quot;up&quot;,&quot;translate_y_speed&quot;:&quot;0.5x&quot;}\" class=\"wpb_column vc_column_container us_custom_729a643c has_scroll_effects has_translate_y has_bg_color\"><div class=\"vc_column-inner\"><\/div><\/div><div class=\"wpb_column vc_column_container us_custom_5943a84b\"><div class=\"vc_column-inner\"><div class=\"wpb_text_column us_custom_c47564d9\"><div class=\"wpb_wrapper\"><h3 data-start=\"1993\" data-end=\"2063\"><strong data-start=\"1996\" data-end=\"2061\">Warum eine spezialisierte Diabetologie in der Hausarztpraxis?<\/strong><\/h3>\n<p data-start=\"2065\" data-end=\"2393\">Viele Menschen mit <strong data-start=\"2084\" data-end=\"2105\">Diabetes in Werne<\/strong> suchen einen kompetenten Ansprechpartner, der sie langfristig begleitet. Als <strong data-start=\"2183\" data-end=\"2238\">Haus\u00e4rztin mit diabetologischer Zusatzqualifikation<\/strong> biete ich Ihnen eine umfassende Betreuung, die nicht nur die medizinischen, sondern auch die praktischen Aspekte des Lebens mit Diabetes ber\u00fccksichtigt.<\/p>\n<p data-start=\"2395\" data-end=\"2656\">In regelm\u00e4\u00dfigen Untersuchungen \u00fcberpr\u00fcfen wir nicht nur Ihren <strong data-start=\"2457\" data-end=\"2478\">Blutzuckerspiegel<\/strong>, sondern auch m\u00f6gliche <strong data-start=\"2502\" data-end=\"2542\">diabetesbedingte Begleiterkrankungen<\/strong>. Die fr\u00fchzeitige Erkennung und Behandlung dieser Risiken hilft dabei, langfristige Komplikationen zu vermeiden.<\/p>\n<\/div><\/div><\/div><\/div><\/div><\/div><\/section><section class=\"l-section wpb_row us_custom_361feee1 height_auto\"><div class=\"l-section-h i-cf\"><div class=\"g-cols vc_row via_grid cols_1 laptops-cols_inherit tablets-cols_inherit mobiles-cols_1 valign_top type_default stacking_default\"><div class=\"wpb_column vc_column_container\"><div class=\"vc_column-inner\"><div class=\"wpb_text_column us_custom_c47564d9\"><div class=\"wpb_wrapper\"><h3 data-start=\"2658\" data-end=\"2731\"><strong data-start=\"2662\" data-end=\"2729\">Vorteile einer diabetologischen Betreuung in der Hausarztpraxis<\/strong><\/h3>\n<ul>\n<li data-start=\"2732\" data-end=\"3013\"><strong data-start=\"2734\" data-end=\"2761\">Langfristige Begleitung<\/strong> durch eine vertraute \u00c4rztin<\/li>\n<li data-start=\"2732\" data-end=\"3013\"><strong data-start=\"2794\" data-end=\"2818\">Ganzheitlicher Blick<\/strong> auf Ihre Gesundheit, nicht nur auf den Diabetes<\/li>\n<li data-start=\"2732\" data-end=\"3013\"><strong data-start=\"2871\" data-end=\"2907\">Individuelle Therapieanpassungen<\/strong> bei jeder Kontrolluntersuchung<\/li>\n<li data-start=\"2732\" data-end=\"3013\"><strong data-start=\"2943\" data-end=\"2968\">Pers\u00f6nliche Betreuung<\/strong> ohne lange Wartezeiten auf Facharzttermine<\/li>\n<\/ul>\n<h2 style=\"text-align: left;\" data-start=\"3022\" data-end=\"3092\"><strong data-start=\"3025\" data-end=\"3090\">Diabetes und Lebensqualit\u00e4t \u2013 Ihr Wohlbefinden im Mittelpunkt<\/strong><\/h2>\n<p style=\"text-align: left;\" data-start=\"3094\" data-end=\"3321\">Eine erfolgreiche Diabetes-Therapie bedeutet mehr als nur die Einnahme von Medikamenten. Die richtige Ern\u00e4hrung, Bewegung und der Umgang mit Stress spielen eine wesentliche Rolle bei der Stabilisierung des Blutzuckerspiegels.<\/p>\n<p style=\"text-align: left;\" data-start=\"3323\" data-end=\"3405\">In meiner Praxis erhalten Sie praktische Tipps und Anleitungen zu diesen Themen:<\/p>\n<ul style=\"text-align: left;\" data-start=\"3406\" data-end=\"3610\">\n<li data-start=\"3406\" data-end=\"3475\">Wie kann eine gesunde <a href=\"https:\/\/www.hausarztpraxis-am-salinenpark.de\/index.php\/2024\/12\/19\/gesunde-ernaehrung-im-neujahr-so-starten-sie-nachhaltig-und-genussvoll-ins-neue-jahr\/\"><strong data-start=\"3430\" data-end=\"3443\">Ern\u00e4hrung<\/strong><\/a> den Blutzucker stabilisieren?<\/li>\n<li data-start=\"3476\" data-end=\"3546\">Welche <strong data-start=\"3485\" data-end=\"3519\">Sportarten und Bewegungsformen<\/strong> sind besonders geeignet?<\/li>\n<li data-start=\"3547\" data-end=\"3610\">Welche <strong data-start=\"3556\" data-end=\"3576\">Ma\u00dfnahmen helfen<\/strong>, wenn der Blutzucker entgleist?<\/li>\n<\/ul>\n<p style=\"text-align: left;\" data-start=\"3612\" data-end=\"3748\">Die richtige Strategie hilft Ihnen, den Alltag mit Diabetes besser zu bew\u00e4ltigen und gleichzeitig Ihre <strong data-start=\"3715\" data-end=\"3745\">Lebensqualit\u00e4t zu erhalten<\/strong>.<\/p>\n<hr data-start=\"3750\" data-end=\"3755\" \/>\n<h2 style=\"text-align: center;\" data-start=\"3757\" data-end=\"3818\"><strong data-start=\"3760\" data-end=\"3816\">Diabetologe Werne \u2013 Ihre Gesundheit in besten H\u00e4nden<\/strong><\/h2>\n<p style=\"text-align: center;\" data-start=\"3820\" data-end=\"4109\">Wenn Sie eine kompetente und individuelle <strong data-start=\"3862\" data-end=\"3893\">Diabetes-Betreuung in Werne<\/strong> suchen, sind Sie in meiner Praxis genau richtig. Ob bei der Erstdiagnose, der Therapieanpassung oder der langfristigen Betreuung \u2013 gemeinsam erarbeiten wir ein Behandlungskonzept, das optimal zu Ihrem Leben passt.<\/p>\n<h3 style=\"text-align: center;\" data-start=\"4111\" data-end=\"4145\"><strong data-start=\"4115\" data-end=\"4143\">Jetzt <a href=\"https:\/\/www.termin-patmed.de\/p\/hausarztpraxis-am-salinenpark\">Termin<\/a> vereinbaren<\/strong><\/h3>\n<p style=\"text-align: center;\" data-start=\"4146\" data-end=\"4250\">\ud83d\udcde Kontaktieren Sie uns f\u00fcr eine pers\u00f6nliche Beratung in unserer Praxis f\u00fcr <strong data-start=\"4222\" data-end=\"4247\">Diabetologie in Werne<\/strong>.<\/p>\n<p style=\"text-align: center;\" data-start=\"4252\" data-end=\"4431\">\ud83d\udccd <strong data-start=\"4255\" data-end=\"4280\">Wichtige Information:<\/strong> Bitte beachten Sie, dass ich als Haus\u00e4rztin diabetologisch behandeln kann, jedoch keine \u00dcberweisungen als diabetologische Schwerpunktpraxis annehme.<\/p>\n<\/div><\/div><\/div><\/div><div class=\"wpb_column vc_column_container\"><div class=\"vc_column-inner\"><h2 class=\"w-text us_custom_9e34de9d no_text\"><span class=\"w-text-h\"><span class=\"w-text-value\"><\/span><\/span><\/h2><div class=\"wpb_text_column us_custom_5a309403\"><div class=\"wpb_wrapper\"><\/div><\/div><\/div><\/div><\/div><\/div><\/section>\n","protected":false},"excerpt":{"rendered":"Diabetologische LeistungenDiabetologie in Werne \u2013 Umfassende Betreuung f\u00fcr Diabetespatienten Diabetes Werne \u2013 Fachkundige Unterst\u00fctzung in Ihrer HausarztpraxisDie Diagnose Diabetes stellt viele Betroffene vor neue Herausforderungen. Die Umstellung des Alltags, das Blutzuckermanagement und die richtige Ern\u00e4hrung werfen oft viele Fragen auf. In meiner Hausarztpraxis in Werne biete ich Ihnen als spezialisierte \u00c4rztin eine umfassende diabetologische Betreuung....","protected":false},"author":1,"featured_media":0,"parent":0,"menu_order":0,"comment_status":"closed","ping_status":"closed","template":"","meta":{"footnotes":""},"class_list":["post-8936","page","type-page","status-publish","hentry"],"yoast_head":"<!-- This site is optimized with the Yoast SEO Premium plugin v26.3 (Yoast SEO v27.3) - https:\/\/yoast.com\/product\/yoast-seo-premium-wordpress\/ -->\n<title>Diabetologische Betreuung in Werne in Ihrer Hausarztpraxis am Salinenpark Werne \u2013 Ihre \u00c4rztin f\u00fcr Allgemeinmedizin und Diabetologie Diabetologe Werne<\/title>\n<meta name=\"description\" content=\"Individuelle Diabetes-Betreuung in Ihrer Hausarztpraxis in Werne. Diabetologe nach DDG-Richtlinien\u2013Diagnostik, Therapie &amp; Beratung.\" \/>\n<meta name=\"robots\" content=\"index, follow, max-snippet:-1, max-image-preview:large, max-video-preview:-1\" \/>\n<link rel=\"canonical\" href=\"https:\/\/www.hausarztpraxis-am-salinenpark.de\/index.php\/diabetologische-betreuung-werne\/\" \/>\n<meta property=\"og:locale\" content=\"de_DE\" \/>\n<meta property=\"og:type\" content=\"article\" \/>\n<meta property=\"og:title\" content=\"Diabetologische Leistungen\" \/>\n<meta property=\"og:description\" content=\"Individuelle Diabetes-Betreuung in Ihrer Hausarztpraxis in Werne. Diabetologe nach DDG-Richtlinien\u2013Diagnostik, Therapie &amp; Beratung.\" \/>\n<meta property=\"og:url\" content=\"https:\/\/www.hausarztpraxis-am-salinenpark.de\/index.php\/diabetologische-betreuung-werne\/\" \/>\n<meta property=\"og:site_name\" content=\"Hausarztpraxis am Salinenpark Werne \u2013 Ihre \u00c4rztin f\u00fcr Allgemeinmedizin und Diabetologie\" \/>\n<meta property=\"article:modified_time\" content=\"2025-02-24T16:28:31+00:00\" \/>\n<meta name=\"twitter:card\" content=\"summary_large_image\" \/>\n<meta name=\"twitter:label1\" content=\"Gesch\u00e4tzte Lesezeit\" \/>\n\t<meta name=\"twitter:data1\" content=\"4\u00a0Minuten\" \/>\n<script type=\"application\/ld+json\" class=\"yoast-schema-graph\">{\"@context\":\"https:\\\/\\\/schema.org\",\"@graph\":[{\"@type\":\"WebPage\",\"@id\":\"https:\\\/\\\/www.hausarztpraxis-am-salinenpark.de\\\/index.php\\\/diabetologische-betreuung-werne\\\/\",\"url\":\"https:\\\/\\\/www.hausarztpraxis-am-salinenpark.de\\\/index.php\\\/diabetologische-betreuung-werne\\\/\",\"name\":\"Diabetologische Betreuung in Werne in Ihrer Hausarztpraxis am Salinenpark Werne \u2013 Ihre \u00c4rztin f\u00fcr Allgemeinmedizin und Diabetologie Diabetologe Werne\",\"isPartOf\":{\"@id\":\"https:\\\/\\\/www.hausarztpraxis-am-salinenpark.de\\\/#website\"},\"datePublished\":\"2024-10-23T19:00:33+00:00\",\"dateModified\":\"2025-02-24T16:28:31+00:00\",\"description\":\"Individuelle Diabetes-Betreuung in Ihrer Hausarztpraxis in Werne. Diabetologe nach DDG-Richtlinien\u2013Diagnostik, Therapie & Beratung.\",\"breadcrumb\":{\"@id\":\"https:\\\/\\\/www.hausarztpraxis-am-salinenpark.de\\\/index.php\\\/diabetologische-betreuung-werne\\\/#breadcrumb\"},\"inLanguage\":\"de\",\"potentialAction\":[{\"@type\":\"ReadAction\",\"target\":[\"https:\\\/\\\/www.hausarztpraxis-am-salinenpark.de\\\/index.php\\\/diabetologische-betreuung-werne\\\/\"]}]},{\"@type\":\"BreadcrumbList\",\"@id\":\"https:\\\/\\\/www.hausarztpraxis-am-salinenpark.de\\\/index.php\\\/diabetologische-betreuung-werne\\\/#breadcrumb\",\"itemListElement\":[{\"@type\":\"ListItem\",\"position\":1,\"name\":\"Startseite\",\"item\":\"https:\\\/\\\/www.hausarztpraxis-am-salinenpark.de\\\/\"},{\"@type\":\"ListItem\",\"position\":2,\"name\":\"Diabetologische Leistungen\"}]},{\"@type\":\"WebSite\",\"@id\":\"https:\\\/\\\/www.hausarztpraxis-am-salinenpark.de\\\/#website\",\"url\":\"https:\\\/\\\/www.hausarztpraxis-am-salinenpark.de\\\/\",\"name\":\"Hausarztpraxis am Salinenpark Werne \u2013 Ihre \u00c4rztin f\u00fcr Allgemeinmedizin und Diabetologie\",\"description\":\"In der Hausarztpraxis am Salinenpark in Werne bietet Ihre erfahrene \u00c4rztin umfassende Betreuung in Allgemeinmedizin und Diabetologie. Von Vorsorgeuntersuchungen \u00fcber individuelle Diagnostik bis hin zu spezialisierter Diabetesberatung \u2013 vertrauen Sie auf pers\u00f6nliche und fachkundige Gesundheitsversorgung. Vereinbaren Sie jetzt Ihren Termin!\",\"potentialAction\":[{\"@type\":\"SearchAction\",\"target\":{\"@type\":\"EntryPoint\",\"urlTemplate\":\"https:\\\/\\\/www.hausarztpraxis-am-salinenpark.de\\\/?s={search_term_string}\"},\"query-input\":{\"@type\":\"PropertyValueSpecification\",\"valueRequired\":true,\"valueName\":\"search_term_string\"}}],\"inLanguage\":\"de\"}]}<\/script>\n<!-- \/ Yoast SEO Premium plugin. -->","yoast_head_json":{"title":"Diabetologische Betreuung in Werne in Ihrer Hausarztpraxis am Salinenpark Werne \u2013 Ihre \u00c4rztin f\u00fcr Allgemeinmedizin und Diabetologie Diabetologe Werne","description":"Individuelle Diabetes-Betreuung in Ihrer Hausarztpraxis in Werne. Diabetologe nach DDG-Richtlinien\u2013Diagnostik, Therapie & Beratung.","robots":{"index":"index","follow":"follow","max-snippet":"max-snippet:-1","max-image-preview":"max-image-preview:large","max-video-preview":"max-video-preview:-1"},"canonical":"https:\/\/www.hausarztpraxis-am-salinenpark.de\/index.php\/diabetologische-betreuung-werne\/","og_locale":"de_DE","og_type":"article","og_title":"Diabetologische Leistungen","og_description":"Individuelle Diabetes-Betreuung in Ihrer Hausarztpraxis in Werne. Diabetologe nach DDG-Richtlinien\u2013Diagnostik, Therapie & Beratung.","og_url":"https:\/\/www.hausarztpraxis-am-salinenpark.de\/index.php\/diabetologische-betreuung-werne\/","og_site_name":"Hausarztpraxis am Salinenpark Werne \u2013 Ihre \u00c4rztin f\u00fcr Allgemeinmedizin und Diabetologie","article_modified_time":"2025-02-24T16:28:31+00:00","twitter_card":"summary_large_image","twitter_misc":{"Gesch\u00e4tzte Lesezeit":"4\u00a0Minuten"},"schema":{"@context":"https:\/\/schema.org","@graph":[{"@type":"WebPage","@id":"https:\/\/www.hausarztpraxis-am-salinenpark.de\/index.php\/diabetologische-betreuung-werne\/","url":"https:\/\/www.hausarztpraxis-am-salinenpark.de\/index.php\/diabetologische-betreuung-werne\/","name":"Diabetologische Betreuung in Werne in Ihrer Hausarztpraxis am Salinenpark Werne \u2013 Ihre \u00c4rztin f\u00fcr Allgemeinmedizin und Diabetologie Diabetologe Werne","isPartOf":{"@id":"https:\/\/www.hausarztpraxis-am-salinenpark.de\/#website"},"datePublished":"2024-10-23T19:00:33+00:00","dateModified":"2025-02-24T16:28:31+00:00","description":"Individuelle Diabetes-Betreuung in Ihrer Hausarztpraxis in Werne. Diabetologe nach DDG-Richtlinien\u2013Diagnostik, Therapie & Beratung.","breadcrumb":{"@id":"https:\/\/www.hausarztpraxis-am-salinenpark.de\/index.php\/diabetologische-betreuung-werne\/#breadcrumb"},"inLanguage":"de","potentialAction":[{"@type":"ReadAction","target":["https:\/\/www.hausarztpraxis-am-salinenpark.de\/index.php\/diabetologische-betreuung-werne\/"]}]},{"@type":"BreadcrumbList","@id":"https:\/\/www.hausarztpraxis-am-salinenpark.de\/index.php\/diabetologische-betreuung-werne\/#breadcrumb","itemListElement":[{"@type":"ListItem","position":1,"name":"Startseite","item":"https:\/\/www.hausarztpraxis-am-salinenpark.de\/"},{"@type":"ListItem","position":2,"name":"Diabetologische Leistungen"}]},{"@type":"WebSite","@id":"https:\/\/www.hausarztpraxis-am-salinenpark.de\/#website","url":"https:\/\/www.hausarztpraxis-am-salinenpark.de\/","name":"Hausarztpraxis am Salinenpark Werne \u2013 Ihre \u00c4rztin f\u00fcr Allgemeinmedizin und Diabetologie","description":"In der Hausarztpraxis am Salinenpark in Werne bietet Ihre erfahrene \u00c4rztin umfassende Betreuung in Allgemeinmedizin und Diabetologie. Von Vorsorgeuntersuchungen \u00fcber individuelle Diagnostik bis hin zu spezialisierter Diabetesberatung \u2013 vertrauen Sie auf pers\u00f6nliche und fachkundige Gesundheitsversorgung. Vereinbaren Sie jetzt Ihren Termin!","potentialAction":[{"@type":"SearchAction","target":{"@type":"EntryPoint","urlTemplate":"https:\/\/www.hausarztpraxis-am-salinenpark.de\/?s={search_term_string}"},"query-input":{"@type":"PropertyValueSpecification","valueRequired":true,"valueName":"search_term_string"}}],"inLanguage":"de"}]}},"_links":{"self":[{"href":"https:\/\/www.hausarztpraxis-am-salinenpark.de\/index.php\/wp-json\/wp\/v2\/pages\/8936","targetHints":{"allow":["GET"]}}],"collection":[{"href":"https:\/\/www.hausarztpraxis-am-salinenpark.de\/index.php\/wp-json\/wp\/v2\/pages"}],"about":[{"href":"https:\/\/www.hausarztpraxis-am-salinenpark.de\/index.php\/wp-json\/wp\/v2\/types\/page"}],"author":[{"embeddable":true,"href":"https:\/\/www.hausarztpraxis-am-salinenpark.de\/index.php\/wp-json\/wp\/v2\/users\/1"}],"replies":[{"embeddable":true,"href":"https:\/\/www.hausarztpraxis-am-salinenpark.de\/index.php\/wp-json\/wp\/v2\/comments?post=8936"}],"version-history":[{"count":38,"href":"https:\/\/www.hausarztpraxis-am-salinenpark.de\/index.php\/wp-json\/wp\/v2\/pages\/8936\/revisions"}],"predecessor-version":[{"id":26454,"href":"https:\/\/www.hausarztpraxis-am-salinenpark.de\/index.php\/wp-json\/wp\/v2\/pages\/8936\/revisions\/26454"}],"wp:attachment":[{"href":"https:\/\/www.hausarztpraxis-am-salinenpark.de\/index.php\/wp-json\/wp\/v2\/media?parent=8936"}],"curies":[{"name":"wp","href":"https:\/\/api.w.org\/{rel}","templated":true}]}}