{"id":8892,"date":"2024-10-23T17:03:28","date_gmt":"2024-10-23T15:03:28","guid":{"rendered":"http:\/\/www.hausarztpraxis-am-salinenpark.de\/?page_id=8892"},"modified":"2025-08-12T11:28:06","modified_gmt":"2025-08-12T09:28:06","slug":"hausarztpraxis-werne-leistungen","status":"publish","type":"page","link":"https:\/\/www.hausarztpraxis-am-salinenpark.de\/index.php\/hausarztpraxis-werne-leistungen\/","title":{"rendered":"Haus\u00e4rztliche Leistungen"},"content":{"rendered":"<section class=\"l-section wpb_row us_custom_6a25dd18 height_huge width_full\"><div class=\"l-section-h i-cf\"><div class=\"g-cols vc_row via_grid cols_1 laptops-cols_inherit tablets-cols_inherit mobiles-cols_1 valign_top type_default stacking_default\"><div class=\"wpb_column vc_column_container\"><div class=\"vc_column-inner\"><h1 class=\"w-text us_custom_847a6d9d\"><span class=\"w-text-h\"><span class=\"w-text-value\">Haus\u00e4rztliche Leistungen<\/span><\/span><\/h1><\/div><\/div><\/div><\/div><\/section><section class=\"l-section wpb_row height_auto width_full\"><div class=\"l-section-h i-cf\"><div class=\"g-cols vc_row via_grid cols_1 laptops-cols_inherit tablets-cols_inherit mobiles-cols_1 valign_middle type_default stacking_default\"><div class=\"wpb_column vc_column_container us_custom_2060da61\"><div class=\"vc_column-inner\"><div class=\"wpb_text_column us_custom_aa00ac08\"><div class=\"wpb_wrapper\"><h4 data-pm-slice=\"1 1 &#091;&#093;\"><\/h4>\n<h4 style=\"text-align: center;\" data-pm-slice=\"1 1 &#091;&#093;\"><span><strong>Herzlich willkommen in Ihrer Hausarztpraxis in Werne \u2013 Haus\u00e4rztliche Leistung mit Kompetenz und Herz<\/strong><\/span><\/h4>\n<p><span>In unserer <\/span><span><strong>Hausarztpraxis am Salinenpark in Werne<\/strong><\/span><span> sind wir Ihre erste Anlaufstelle f\u00fcr alle Fragen rund um Ihre Gesundheit. Unser Ziel ist es, Sie medizinisch kompetent und menschlich zugewandt durch alle Lebensphasen zu begleiten \u2013 vom Kindes- bis ins hohe Alter. Ob akute Beschwerden, chronische Erkrankungen oder pr\u00e4ventive Ma\u00dfnahmen: Wir nehmen uns Zeit f\u00fcr Ihre Anliegen und setzen auf eine vertrauensvolle und langfristige Betreuung.<\/span><\/p>\n<p><span>Als erfahrenes Team aus Allgemeinmedizin, Innerer Medizin und Diabetologie bieten wir Ihnen eine umfassende haus\u00e4rztliche Leistung \u2013 erg\u00e4nzt durch moderne Diagnostik, strukturierte Vorsorgeprogramme und individuelle Beratung. Dabei verbinden wir medizinisches Fachwissen mit einem offenen Ohr f\u00fcr Ihre pers\u00f6nlichen Bed\u00fcrfnisse.<\/span><\/p>\n<p><span>Erfahren Sie im Folgenden mehr \u00fcber unsere haus\u00e4rztliche Leistung in den Bereichen <\/span><span><strong>Diagnostik<\/strong><\/span><span>, <\/span><span><strong>Vorsorge<\/strong><\/span><span>, <\/span><span><strong>Langzeitbetreuung chronischer Erkrankungen<\/strong><\/span><span>, <\/span><span><strong>Ultraschalldiagnostik<\/strong><\/span><span>, <\/span><span><strong>Lungenfunktionspr\u00fcfung<\/strong><\/span><span> und <\/span><span><strong>Labordiagnostik<\/strong><\/span><span>.<\/span><\/p>\n<\/div><\/div><\/div><\/div><\/div><\/div><\/section><section class=\"l-section wpb_row us_custom_80c835c0 height_auto\"><div class=\"l-section-h i-cf\"><div class=\"g-cols vc_row via_grid cols_2 laptops-cols_inherit tablets-cols_2 mobiles-cols_1 valign_middle type_default stacking_default\" style=\"--columns-gap:2vw;\"><div class=\"wpb_column vc_column_container us_custom_a6018590 has_bg_color\"><div class=\"vc_column-inner\"><\/div><\/div><div class=\"wpb_column vc_column_container us_custom_5943a84b\"><div class=\"vc_column-inner\"><h6 class=\"w-text us_custom_8c95f480\"><span class=\"w-text-h\"><span class=\"w-text-value\">Diagnostik<\/span><\/span><\/h6><div class=\"wpb_text_column us_custom_c47564d9\"><div class=\"wpb_wrapper\"><ul>\n<li><span>K\u00f6rperliche Untersuchung<\/span><\/li>\n<li><span>Ruhe-EKG<\/span><\/li>\n<li>24-Stunden EKG<\/li>\n<li><span>Blutdruckmessung \/ 24-Stunden-Blutdruckmessung<\/span><\/li>\n<li><span><strong>Sonographie (Ultraschall)<\/strong><\/span><span> der inneren Organe, Schilddr\u00fcse und Bauchaorta (Aorta abdominalis)<\/span><\/li>\n<li><span>Hausbesuche (nach Vereinbarung)<\/span><\/li>\n<li><span>Vorsorgeuntersuchungen (Check-up ab 35 Jahren)<\/span><\/li>\n<li><span>Hautkrebsscreening<\/span><\/li>\n<li><span>Lungenfunktionsuntersuchung (Spirometrie)<\/span><\/li>\n<li><span>Impfberatung und Impfungen<\/span><\/li>\n<li><span>Psychosomatische Grundversorgung<\/span><\/li>\n<li><span>Bescheinigungen f\u00fcr spezielle Untersuchungen<\/span><\/li>\n<\/ul>\n<p><span>&#8230;<\/span><\/p>\n<\/div><\/div><\/div><\/div><\/div><\/div><\/section><section class=\"l-section wpb_row us_custom_3b5f19f2 height_auto\"><div class=\"l-section-h i-cf\"><div class=\"g-cols vc_row via_grid cols_2 laptops-cols_inherit tablets-cols_2 mobiles-cols_1 valign_middle type_default reversed stacking_default\" style=\"--columns-gap:2vw;\"><div class=\"wpb_column vc_column_container us_custom_f8d35e69\"><div class=\"vc_column-inner\"><h6 class=\"w-text us_custom_8c95f480\"><span class=\"w-text-h\"><span class=\"w-text-value\">Vorsorgeuntersuchungen (Check-up ab 35 Jahren)<\/span><\/span><\/h6><div class=\"wpb_text_column us_custom_c47564d9\"><div class=\"wpb_wrapper\"><p><span>Auch wenn Sie sich gesund f\u00fchlen, sind regelm\u00e4\u00dfige <\/span><span><strong>Vorsorgeuntersuchungen beim Hausarzt<\/strong><\/span><span> entscheidend f\u00fcr die Fr\u00fcherkennung von Herz-Kreislauf-Erkrankungen, Diabetes und Nierenerkrankungen. Die gesetzlichen Krankenkassen \u00fcbernehmen den Check-up ab 35 alle drei Jahre \u2013 im Rahmen des Hausarztprogramms auch alle zwei Jahre. Private Krankenkassen in der Regel j\u00e4hrlich.<\/span><\/p>\n<p><span><strong>Der Check-up umfasst:<\/strong><\/span><\/p>\n<ul data-spread=\"false\">\n<li><span>Anamnese (\u00e4rztliches Gespr\u00e4ch)<\/span><\/li>\n<li><span>Ganzk\u00f6rperuntersuchung<\/span><\/li>\n<li><span>Blutdruck- und Pulskontrolle<\/span><\/li>\n<li><span>Abh\u00f6ren von Herz und Lunge<\/span><\/li>\n<li><span>Beurteilung von Bewegungsapparat, Sinnesorganen und Haut<\/span><\/li>\n<li><span><strong>Labordiagnostik:<\/strong><\/span><span> Cholesterin, Triglyzeride, Blutzucker, Urinwerte (z.\u202fB. Eiwei\u00df, Glukose, rote\/wei\u00dfe Blutk\u00f6rperchen)<\/span><\/li>\n<li><span>Abschlie\u00dfende \u00e4rztliche Besprechung und individuelle Gesundheitsempfehlungen<\/span><\/li>\n<\/ul>\n<\/div><\/div><\/div><\/div><div class=\"wpb_column vc_column_container us_custom_6110fc95 has_bg_color\"><div class=\"vc_column-inner\"><\/div><\/div><\/div><\/div><\/section><section class=\"l-section wpb_row us_custom_312ba674 height_auto\"><div class=\"l-section-h i-cf\"><div class=\"g-cols vc_row via_grid cols_2 laptops-cols_inherit tablets-cols_2 mobiles-cols_1 valign_middle type_default stacking_default\" style=\"--columns-gap:2vw;\"><div class=\"wpb_column vc_column_container us_custom_f39af793 has_bg_color\"><div class=\"vc_column-inner\"><\/div><\/div><div class=\"wpb_column vc_column_container us_custom_5943a84b\"><div class=\"vc_column-inner\"><h6 class=\"w-text us_custom_8c95f480\"><span class=\"w-text-h\"><span class=\"w-text-value\">Langzeitbetreuung von chronisch kranken Patienten im Rahmen des Disease-Management-Programms (DMP)<\/span><\/span><\/h6><div class=\"wpb_text_column us_custom_c47564d9\"><div class=\"wpb_wrapper\"><p><span>Unsere Praxis nimmt an den <\/span><span><strong>Disease-Management-Programmen (DMP)<\/strong><\/span><span> teil \u2013 ein strukturiertes Behandlungsangebot f\u00fcr chronisch Erkrankte. Ziel ist es, Komplikationen und Folgeerkrankungen fr\u00fchzeitig zu erkennen und zu vermeiden.<\/span> <span><strong>Wir betreuen Sie langfristig bei:<\/strong><\/span><\/p>\n<ul data-spread=\"false\">\n<li><span>Diabetes mellitus Typ 1 &amp; Typ 2<\/span><\/li>\n<li><span>Koronare Herzkrankheit (KHK)<\/span><\/li>\n<li><span>Asthma bronchiale<\/span><\/li>\n<li><span>Chronisch obstruktive Lungenerkrankung (COPD)<\/span><\/li>\n<li>Osteoporose<\/li>\n<\/ul>\n<p><span>Regelm\u00e4\u00dfige Kontrolltermine, Laborwerte und individuelle Therapieanpassungen sorgen daf\u00fcr, dass Sie optimal versorgt sind.<\/span><\/p>\n<\/div><\/div><\/div><\/div><\/div><\/div><\/section><section class=\"l-section wpb_row us_custom_3b5f19f2 height_auto\"><div class=\"l-section-h i-cf\"><div class=\"g-cols vc_row via_grid cols_2 laptops-cols_inherit tablets-cols_2 mobiles-cols_1 valign_middle type_default reversed stacking_default\" style=\"--columns-gap:2vw;\"><div class=\"wpb_column vc_column_container us_custom_f8d35e69\"><div class=\"vc_column-inner\"><h6 class=\"w-text us_custom_8c95f480\"><span class=\"w-text-h\"><span class=\"w-text-value\">Ultraschalluntersuchungen (Sonographie)<\/span><\/span><\/h6><div class=\"wpb_text_column us_custom_c47564d9\"><div class=\"wpb_wrapper\"><p><span>Die <\/span><span><strong>Sonographie<\/strong><\/span><span> ist ein schmerzfreies und strahlenfreies Verfahren zur Darstellung innerer Organe. Mit modernen Ultraschallger\u00e4ten erkennen wir Ver\u00e4nderungen fr\u00fchzeitig und begleiten Krankheitsverl\u00e4ufe zuverl\u00e4ssig.<\/span><\/p>\n<p><span><strong>Wir bieten Ultraschalluntersuchungen an f\u00fcr:<\/strong><\/span><\/p>\n<ul data-spread=\"false\">\n<li><span><strong>Schilddr\u00fcse:<\/strong><\/span><span> Knoten, Volumen, Funktionsst\u00f6rungen<\/span><\/li>\n<li><span><strong>Abdomen:<\/strong><\/span><span> Leber, Gallenblase, Nieren, Milz, Bauchspeicheldr\u00fcse<\/span><\/li>\n<li><span><strong>Bauchaorta:<\/strong><\/span><span> Fr\u00fcherkennung von Aneurysmen und Gef\u00e4\u00dfverkalkungen<\/span><\/li>\n<li><span><strong>Unterbauch:<\/strong><\/span><span> Blase, Prostata, Eierst\u00f6cke<\/span><\/li>\n<\/ul>\n<\/div><\/div><\/div><\/div><div class=\"wpb_column vc_column_container us_custom_41dd6514 has_bg_color\"><div class=\"vc_column-inner\"><\/div><\/div><\/div><\/div><\/section><section class=\"l-section wpb_row us_custom_312ba674 height_auto\"><div class=\"l-section-h i-cf\"><div class=\"g-cols vc_row via_grid cols_2 laptops-cols_inherit tablets-cols_2 mobiles-cols_1 valign_middle type_default stacking_default\" style=\"--columns-gap:2vw;\"><div class=\"wpb_column vc_column_container us_custom_617a4c9e has_bg_color\"><div class=\"vc_column-inner\"><\/div><\/div><div class=\"wpb_column vc_column_container us_custom_5943a84b\"><div class=\"vc_column-inner\"><h6 class=\"w-text us_custom_8c95f480\"><span class=\"w-text-h\"><span class=\"w-text-value\">Laboruntersuchungen<\/span><\/span><\/h6><div class=\"wpb_text_column us_custom_c47564d9\"><div class=\"wpb_wrapper\"><p><span>In unserer Praxis f\u00fchren wir vielf\u00e4ltige <\/span><span><strong>Laboruntersuchungen<\/strong><\/span><span> durch, z.\u202fB.:<\/span><\/p>\n<ul data-spread=\"false\">\n<li><span>Allgemeinmedizinische Blutanalysen<\/span><\/li>\n<li><span>Urinuntersuchungen<\/span><\/li>\n<li><span>Quick-\/INR-Bestimmung bei Marcumar-Therapie<\/span><\/li>\n<li><span><strong>IFOBT (Stuhltest zur Darmkrebsvorsorge)<\/strong><\/span><\/li>\n<\/ul>\n<p><strong>Individuelle Gesundheitsleistungen (IGeL):<\/strong><\/p>\n<ul data-spread=\"false\">\n<li><span>PSA-Wert (Prostata-Krebsvorsorge)<\/span><\/li>\n<li><span>Vitamin D und weitere Vitaminanalysen<\/span><\/li>\n<li><span>Testosteronspiegel<\/span><\/li>\n<li><span>Scharlach-Schnelltest<\/span><\/li>\n<li><span>Erg\u00e4nzende Blutwerte zur Check-up-Untersuchung<\/span><\/li>\n<\/ul>\n<div>\n<hr \/>\n<\/div>\n<\/div><\/div><\/div><\/div><\/div><\/div><\/section><section class=\"l-section wpb_row us_custom_3b5f19f2 height_auto\"><div class=\"l-section-h i-cf\"><div class=\"g-cols vc_row via_grid cols_2 laptops-cols_inherit tablets-cols_2 mobiles-cols_1 valign_middle type_default reversed stacking_default\" style=\"--columns-gap:2vw;\"><div class=\"wpb_column vc_column_container us_custom_f8d35e69\"><div class=\"vc_column-inner\"><h6 class=\"w-text us_custom_8c95f480\"><span class=\"w-text-h\"><span class=\"w-text-value\">Lungenfunktionsuntersuchung (Spirometrie)<\/span><\/span><\/h6><div class=\"wpb_text_column us_custom_c47564d9\"><div class=\"wpb_wrapper\"><p><span>Die <\/span><span><strong>Spirometrie<\/strong><\/span><span> misst Atemvolumen und -fluss und liefert wichtige Informationen bei:<\/span><\/p>\n<ul data-spread=\"false\">\n<li><span>Chronischem Husten, Atemnot oder pfeifenden Atemger\u00e4uschen<\/span><\/li>\n<li><span>Verdacht auf Asthma, COPD oder andere Lungenerkrankungen<\/span><\/li>\n<li><span>Langj\u00e4hrigem Nikotinkonsum<\/span><\/li>\n<li><span>Pr\u00e4operativen Einsch\u00e4tzungen (z.\u202fB. OP-Fitness)<\/span><\/li>\n<\/ul>\n<p><span>Auch zur <\/span><span><strong>Vorsorge bei Risikopatient<\/strong><\/span><span><strong>:innen<\/strong><\/span><span> bieten wir die Spirometrie als Selbstzahler-Leistung an<\/span><\/p>\n<p data-pm-slice=\"1 1 &#091;&#093;\"><span><strong>Vereinbaren Sie jetzt einen <a href=\"https:\/\/www.termin-patmed.de\/p\/hausarztpraxis-am-salinenpark\">Termin<\/a> in Ihrer Hausarztpraxis in Werne!<\/strong><\/span><span><a href=\"https:\/\/www.hausarztpraxis-am-salinenpark.de\/index.php\/team-der-praxis-am-salinenpark\/\"> Wir<\/a> beraten Sie gerne pers\u00f6nlich, umfassend und individuell \u2013 f\u00fcr Ihre Gesundheit und Lebensqualit\u00e4t.<\/span><\/p>\n<p><span>.<\/span><\/p>\n<\/div><\/div><\/div><\/div><div class=\"wpb_column vc_column_container us_custom_f1022dbd has_bg_color\"><div class=\"vc_column-inner\"><\/div><\/div><\/div><\/div><\/section><section class=\"l-section wpb_row height_auto\"><div class=\"l-section-h i-cf\"><div class=\"g-cols vc_row via_grid cols_1 laptops-cols_inherit tablets-cols_inherit mobiles-cols_1 valign_top type_default stacking_default\"><div class=\"wpb_column vc_column_container us_custom_aa12ce14\"><div class=\"vc_column-inner\"><\/div><\/div><\/div><\/div><\/section>\n","protected":false},"excerpt":{"rendered":"Haus\u00e4rztliche Leistungen Herzlich willkommen in Ihrer Hausarztpraxis in Werne \u2013 Haus\u00e4rztliche Leistung mit Kompetenz und Herz In unserer Hausarztpraxis am Salinenpark in Werne sind wir Ihre erste Anlaufstelle f\u00fcr alle Fragen rund um Ihre Gesundheit. Unser Ziel ist es, Sie medizinisch kompetent und menschlich zugewandt durch alle Lebensphasen zu begleiten \u2013 vom Kindes- bis ins...","protected":false},"author":1,"featured_media":0,"parent":0,"menu_order":0,"comment_status":"closed","ping_status":"open","template":"","meta":{"footnotes":""},"class_list":["post-8892","page","type-page","status-publish","hentry"],"yoast_head":"<!-- This site is optimized with the Yoast SEO Premium plugin v26.3 (Yoast SEO v27.3) - https:\/\/yoast.com\/product\/yoast-seo-premium-wordpress\/ -->\n<title>Haus\u00e4rztliche Leistungen Werne - Hausarztpraxis am Salinenpark<\/title>\n<meta name=\"description\" content=\"Entdecken Sie die haus\u00e4rztlichen Leistungen der Praxis am Salinenpark in Werne \u2013 vom Vorsorge Check-up bis zu Ultraschall und DMP.\" \/>\n<meta name=\"robots\" content=\"index, follow, max-snippet:-1, max-image-preview:large, max-video-preview:-1\" \/>\n<link rel=\"canonical\" href=\"https:\/\/www.hausarztpraxis-am-salinenpark.de\/index.php\/hausarztpraxis-werne-leistungen\/\" \/>\n<meta property=\"og:locale\" content=\"de_DE\" \/>\n<meta property=\"og:type\" content=\"article\" \/>\n<meta property=\"og:title\" content=\"Haus\u00e4rztliche Leistungen\" \/>\n<meta property=\"og:description\" content=\"Entdecken Sie die haus\u00e4rztlichen Leistungen der Praxis am Salinenpark in Werne \u2013 vom Vorsorge Check-up bis zu Ultraschall und DMP.\" \/>\n<meta property=\"og:url\" content=\"https:\/\/www.hausarztpraxis-am-salinenpark.de\/index.php\/hausarztpraxis-werne-leistungen\/\" \/>\n<meta property=\"og:site_name\" content=\"Hausarztpraxis am Salinenpark Werne \u2013 Ihre \u00c4rztin f\u00fcr Allgemeinmedizin und Diabetologie\" \/>\n<meta property=\"article:modified_time\" content=\"2025-08-12T09:28:06+00:00\" \/>\n<meta name=\"twitter:card\" content=\"summary_large_image\" \/>\n<meta name=\"twitter:label1\" content=\"Gesch\u00e4tzte Lesezeit\" \/>\n\t<meta name=\"twitter:data1\" content=\"4\u00a0Minuten\" \/>\n<script type=\"application\/ld+json\" class=\"yoast-schema-graph\">{\"@context\":\"https:\\\/\\\/schema.org\",\"@graph\":[{\"@type\":\"WebPage\",\"@id\":\"https:\\\/\\\/www.hausarztpraxis-am-salinenpark.de\\\/index.php\\\/hausarztpraxis-werne-leistungen\\\/\",\"url\":\"https:\\\/\\\/www.hausarztpraxis-am-salinenpark.de\\\/index.php\\\/hausarztpraxis-werne-leistungen\\\/\",\"name\":\"Haus\u00e4rztliche Leistungen Werne - Hausarztpraxis am Salinenpark\",\"isPartOf\":{\"@id\":\"https:\\\/\\\/www.hausarztpraxis-am-salinenpark.de\\\/#website\"},\"datePublished\":\"2024-10-23T15:03:28+00:00\",\"dateModified\":\"2025-08-12T09:28:06+00:00\",\"description\":\"Entdecken Sie die haus\u00e4rztlichen Leistungen der Praxis am Salinenpark in Werne \u2013 vom Vorsorge Check-up bis zu Ultraschall und DMP.\",\"breadcrumb\":{\"@id\":\"https:\\\/\\\/www.hausarztpraxis-am-salinenpark.de\\\/index.php\\\/hausarztpraxis-werne-leistungen\\\/#breadcrumb\"},\"inLanguage\":\"de\",\"potentialAction\":[{\"@type\":\"ReadAction\",\"target\":[\"https:\\\/\\\/www.hausarztpraxis-am-salinenpark.de\\\/index.php\\\/hausarztpraxis-werne-leistungen\\\/\"]}]},{\"@type\":\"BreadcrumbList\",\"@id\":\"https:\\\/\\\/www.hausarztpraxis-am-salinenpark.de\\\/index.php\\\/hausarztpraxis-werne-leistungen\\\/#breadcrumb\",\"itemListElement\":[{\"@type\":\"ListItem\",\"position\":1,\"name\":\"Startseite\",\"item\":\"https:\\\/\\\/www.hausarztpraxis-am-salinenpark.de\\\/\"},{\"@type\":\"ListItem\",\"position\":2,\"name\":\"Haus\u00e4rztliche Leistungen\"}]},{\"@type\":\"WebSite\",\"@id\":\"https:\\\/\\\/www.hausarztpraxis-am-salinenpark.de\\\/#website\",\"url\":\"https:\\\/\\\/www.hausarztpraxis-am-salinenpark.de\\\/\",\"name\":\"Hausarztpraxis am Salinenpark Werne \u2013 Ihre \u00c4rztin f\u00fcr Allgemeinmedizin und Diabetologie\",\"description\":\"In der Hausarztpraxis am Salinenpark in Werne bietet Ihre erfahrene \u00c4rztin umfassende Betreuung in Allgemeinmedizin und Diabetologie. Von Vorsorgeuntersuchungen \u00fcber individuelle Diagnostik bis hin zu spezialisierter Diabetesberatung \u2013 vertrauen Sie auf pers\u00f6nliche und fachkundige Gesundheitsversorgung. Vereinbaren Sie jetzt Ihren Termin!\",\"potentialAction\":[{\"@type\":\"SearchAction\",\"target\":{\"@type\":\"EntryPoint\",\"urlTemplate\":\"https:\\\/\\\/www.hausarztpraxis-am-salinenpark.de\\\/?s={search_term_string}\"},\"query-input\":{\"@type\":\"PropertyValueSpecification\",\"valueRequired\":true,\"valueName\":\"search_term_string\"}}],\"inLanguage\":\"de\"}]}<\/script>\n<!-- \/ Yoast SEO Premium plugin. -->","yoast_head_json":{"title":"Haus\u00e4rztliche Leistungen Werne - Hausarztpraxis am Salinenpark","description":"Entdecken Sie die haus\u00e4rztlichen Leistungen der Praxis am Salinenpark in Werne \u2013 vom Vorsorge Check-up bis zu Ultraschall und DMP.","robots":{"index":"index","follow":"follow","max-snippet":"max-snippet:-1","max-image-preview":"max-image-preview:large","max-video-preview":"max-video-preview:-1"},"canonical":"https:\/\/www.hausarztpraxis-am-salinenpark.de\/index.php\/hausarztpraxis-werne-leistungen\/","og_locale":"de_DE","og_type":"article","og_title":"Haus\u00e4rztliche Leistungen","og_description":"Entdecken Sie die haus\u00e4rztlichen Leistungen der Praxis am Salinenpark in Werne \u2013 vom Vorsorge Check-up bis zu Ultraschall und DMP.","og_url":"https:\/\/www.hausarztpraxis-am-salinenpark.de\/index.php\/hausarztpraxis-werne-leistungen\/","og_site_name":"Hausarztpraxis am Salinenpark Werne \u2013 Ihre \u00c4rztin f\u00fcr Allgemeinmedizin und Diabetologie","article_modified_time":"2025-08-12T09:28:06+00:00","twitter_card":"summary_large_image","twitter_misc":{"Gesch\u00e4tzte Lesezeit":"4\u00a0Minuten"},"schema":{"@context":"https:\/\/schema.org","@graph":[{"@type":"WebPage","@id":"https:\/\/www.hausarztpraxis-am-salinenpark.de\/index.php\/hausarztpraxis-werne-leistungen\/","url":"https:\/\/www.hausarztpraxis-am-salinenpark.de\/index.php\/hausarztpraxis-werne-leistungen\/","name":"Haus\u00e4rztliche Leistungen Werne - Hausarztpraxis am Salinenpark","isPartOf":{"@id":"https:\/\/www.hausarztpraxis-am-salinenpark.de\/#website"},"datePublished":"2024-10-23T15:03:28+00:00","dateModified":"2025-08-12T09:28:06+00:00","description":"Entdecken Sie die haus\u00e4rztlichen Leistungen der Praxis am Salinenpark in Werne \u2013 vom Vorsorge Check-up bis zu Ultraschall und DMP.","breadcrumb":{"@id":"https:\/\/www.hausarztpraxis-am-salinenpark.de\/index.php\/hausarztpraxis-werne-leistungen\/#breadcrumb"},"inLanguage":"de","potentialAction":[{"@type":"ReadAction","target":["https:\/\/www.hausarztpraxis-am-salinenpark.de\/index.php\/hausarztpraxis-werne-leistungen\/"]}]},{"@type":"BreadcrumbList","@id":"https:\/\/www.hausarztpraxis-am-salinenpark.de\/index.php\/hausarztpraxis-werne-leistungen\/#breadcrumb","itemListElement":[{"@type":"ListItem","position":1,"name":"Startseite","item":"https:\/\/www.hausarztpraxis-am-salinenpark.de\/"},{"@type":"ListItem","position":2,"name":"Haus\u00e4rztliche Leistungen"}]},{"@type":"WebSite","@id":"https:\/\/www.hausarztpraxis-am-salinenpark.de\/#website","url":"https:\/\/www.hausarztpraxis-am-salinenpark.de\/","name":"Hausarztpraxis am Salinenpark Werne \u2013 Ihre \u00c4rztin f\u00fcr Allgemeinmedizin und Diabetologie","description":"In der Hausarztpraxis am Salinenpark in Werne bietet Ihre erfahrene \u00c4rztin umfassende Betreuung in Allgemeinmedizin und Diabetologie. Von Vorsorgeuntersuchungen \u00fcber individuelle Diagnostik bis hin zu spezialisierter Diabetesberatung \u2013 vertrauen Sie auf pers\u00f6nliche und fachkundige Gesundheitsversorgung. Vereinbaren Sie jetzt Ihren Termin!","potentialAction":[{"@type":"SearchAction","target":{"@type":"EntryPoint","urlTemplate":"https:\/\/www.hausarztpraxis-am-salinenpark.de\/?s={search_term_string}"},"query-input":{"@type":"PropertyValueSpecification","valueRequired":true,"valueName":"search_term_string"}}],"inLanguage":"de"}]}},"_links":{"self":[{"href":"https:\/\/www.hausarztpraxis-am-salinenpark.de\/index.php\/wp-json\/wp\/v2\/pages\/8892","targetHints":{"allow":["GET"]}}],"collection":[{"href":"https:\/\/www.hausarztpraxis-am-salinenpark.de\/index.php\/wp-json\/wp\/v2\/pages"}],"about":[{"href":"https:\/\/www.hausarztpraxis-am-salinenpark.de\/index.php\/wp-json\/wp\/v2\/types\/page"}],"author":[{"embeddable":true,"href":"https:\/\/www.hausarztpraxis-am-salinenpark.de\/index.php\/wp-json\/wp\/v2\/users\/1"}],"replies":[{"embeddable":true,"href":"https:\/\/www.hausarztpraxis-am-salinenpark.de\/index.php\/wp-json\/wp\/v2\/comments?post=8892"}],"version-history":[{"count":67,"href":"https:\/\/www.hausarztpraxis-am-salinenpark.de\/index.php\/wp-json\/wp\/v2\/pages\/8892\/revisions"}],"predecessor-version":[{"id":26842,"href":"https:\/\/www.hausarztpraxis-am-salinenpark.de\/index.php\/wp-json\/wp\/v2\/pages\/8892\/revisions\/26842"}],"wp:attachment":[{"href":"https:\/\/www.hausarztpraxis-am-salinenpark.de\/index.php\/wp-json\/wp\/v2\/media?parent=8892"}],"curies":[{"name":"wp","href":"https:\/\/api.w.org\/{rel}","templated":true}]}}