{"id":8808,"date":"2024-10-22T16:57:05","date_gmt":"2024-10-22T14:57:05","guid":{"rendered":"http:\/\/www.hausarztpraxis-am-salinenpark.de\/?page_id=8808"},"modified":"2025-02-24T17:21:50","modified_gmt":"2025-02-24T16:21:50","slug":"leistungen","status":"publish","type":"page","link":"https:\/\/www.hausarztpraxis-am-salinenpark.de\/index.php\/leistungen\/","title":{"rendered":"Leistungen"},"content":{"rendered":"<section class=\"l-section wpb_row us_custom_b8043cba height_medium\"><div class=\"l-section-h i-cf\"><div class=\"g-cols vc_row via_grid cols_1 laptops-cols_inherit tablets-cols_inherit mobiles-cols_1 valign_top type_default stacking_default\"><div class=\"wpb_column vc_column_container\"><div class=\"vc_column-inner\"><h1 class=\"w-text us_custom_eb849559\"><span class=\"w-text-h\"><span class=\"w-text-value\">Die Leistungen<\/span><\/span><\/h1><\/div><\/div><\/div><\/div><\/section><section class=\"l-section wpb_row us_custom_a9ed51fc height_auto\"><div class=\"l-section-h i-cf\"><div class=\"g-cols vc_row via_grid cols_2 laptops-cols_inherit tablets-cols_2 mobiles-cols_1 valign_middle type_default stacking_default\" style=\"--columns-gap:2vw;\"><div class=\"wpb_column vc_column_container us_custom_dae35a96 has_bg_color\"><div class=\"vc_column-inner\"><\/div><\/div><div class=\"wpb_column vc_column_container us_custom_5943a84b\"><div class=\"vc_column-inner\"><h2 class=\"w-text us_custom_8c95f480\"><span class=\"w-text-h\"><span class=\"w-text-value\">Haus\u00e4rztliche Leistungen \u2013 Vorsorge, Sonographie und Langzeitbetreuung<\/span><\/span><\/h2><div class=\"wpb_text_column us_custom_c47564d9\"><div class=\"wpb_wrapper\"><p data-start=\"78\" data-end=\"828\" data-is-last-node=\"\" data-is-only-node=\"\">Unsere haus\u00e4rztlichen Leistungen bieten Ihnen eine umfassende Gesundheitsversorgung, die auf Ihre individuellen Bed\u00fcrfnisse zugeschnitten ist. Wir legen gro\u00dfen Wert auf pr\u00e4ventive Ma\u00dfnahmen, wie regelm\u00e4\u00dfige <strong data-start=\"285\" data-end=\"304\">Vorsorge-Checks<\/strong>, um Krankheiten fr\u00fchzeitig zu erkennen und Ihre Gesundheit nachhaltig zu f\u00f6rdern. Mit modernen <strong data-start=\"400\" data-end=\"430\">Sonographie-Untersuchungen<\/strong> stellen wir eine pr\u00e4zise Diagnose und bieten Ihnen ma\u00dfgeschneiderte Therapieans\u00e4tze. Dar\u00fcber hinaus bieten wir eine kontinuierliche <strong data-start=\"563\" data-end=\"616\">Langzeitbetreuung von chronisch kranken Patienten<\/strong>, um Ihre Lebensqualit\u00e4t auch bei langfristigen Erkrankungen zu erhalten und zu verbessern. Vertrauen Sie auf unsere Erfahrung und Kompetenz, um Ihre Gesundheit optimal zu betreuen \u2013 ganzheitlich und individuell.<\/p>\n<h3 data-start=\"78\" data-end=\"828\"><a href=\"https:\/\/www.hausarztpraxis-am-salinenpark.de\/index.php\/hausaerztliche-leistungen\/\">MEHR ERFAHREN&#8230;<\/a><\/h3>\n<\/div><\/div><\/div><\/div><\/div><\/div><\/section><section class=\"l-section wpb_row us_custom_e1f0a4ac height_auto\"><div class=\"l-section-h i-cf\"><div class=\"g-cols vc_row via_grid cols_2 laptops-cols_inherit tablets-cols_2 mobiles-cols_1 valign_middle type_default reversed stacking_default\" style=\"--columns-gap:2vw;\"><div class=\"wpb_column vc_column_container us_custom_f8d35e69\"><div class=\"vc_column-inner\"><h2 class=\"w-text us_custom_8c95f480\"><span class=\"w-text-h\"><span class=\"w-text-value\">Hausarztprogramm \u2013 Ihre Gesundheit in besten H\u00e4nden<\/span><\/span><\/h2><div class=\"wpb_text_column us_custom_c47564d9\"><div class=\"wpb_wrapper\"><p data-start=\"172\" data-end=\"439\">Mit dem <strong data-start=\"180\" data-end=\"200\">Hausarztprogramm<\/strong> profitieren Sie von einer <strong data-start=\"227\" data-end=\"299\">umfassenden, koordinierten und individuellen medizinischen Betreuung<\/strong>. Unser Ziel ist es, Ihre Gesundheit <strong data-start=\"336\" data-end=\"361\">nachhaltig zu f\u00f6rdern<\/strong> und unn\u00f6tige Doppeluntersuchungen oder Krankenhausaufenthalte zu vermeiden.<\/p>\n<h5 data-start=\"441\" data-end=\"485\"><strong data-start=\"445\" data-end=\"483\">\u00a0Vorteile im Hausarztprogramm:<\/strong><\/h5>\n<ul>\n<li data-start=\"486\" data-end=\"730\">Pers\u00f6nliche und kontinuierliche Betreuung durch Ihren Hausarzt<\/li>\n<li data-start=\"486\" data-end=\"730\">Individuell abgestimmte Behandlungspl\u00e4ne f\u00fcr Ihre Bed\u00fcrfnisse<\/li>\n<li data-start=\"486\" data-end=\"730\">Optimale Koordination mit Fach\u00e4rzten und Spezialisten<\/li>\n<li data-start=\"486\" data-end=\"730\">Bessere Vorsorge durch regelm\u00e4\u00dfige Untersuchungen<\/li>\n<\/ul>\n<h3><a href=\"https:\/\/www.hausarztpraxis-am-salinenpark.de\/index.php\/hausarzt-programm\/\">MEHR ERFAHREN&#8230;<\/a><\/h3>\n<\/div><\/div><\/div><\/div><div class=\"wpb_column vc_column_container us_custom_6110fc95 has_bg_color\"><div class=\"vc_column-inner\"><\/div><\/div><\/div><\/div><\/section><section class=\"l-section wpb_row us_custom_a4c50a39 height_auto\"><div class=\"l-section-h i-cf\"><div class=\"g-cols vc_row via_grid cols_2 laptops-cols_inherit tablets-cols_2 mobiles-cols_1 valign_middle type_default stacking_default\" style=\"--columns-gap:2vw;\"><div class=\"wpb_column vc_column_container us_custom_6e525be4 has_bg_color\"><div class=\"vc_column-inner\"><\/div><\/div><div class=\"wpb_column vc_column_container us_custom_5943a84b\"><div class=\"vc_column-inner\"><h2 class=\"w-text us_custom_8c95f480\"><span class=\"w-text-h\"><span class=\"w-text-value\">Diabetologische Leistungen \u2013 Ihre Experten f\u00fcr eine optimale Betreuung<\/span><\/span><\/h2><div class=\"wpb_text_column us_custom_c47564d9\"><div class=\"wpb_wrapper\"><p data-start=\"211\" data-end=\"430\">Diabetes mellitus z\u00e4hlt heute zu den h\u00e4ufigsten Volkskrankheiten in Deutschland. Eine <strong data-start=\"297\" data-end=\"362\">fr\u00fchzeitige Diagnose und eine individuell angepasste Therapie<\/strong> sind entscheidend, um langfristig Ihre Lebensqualit\u00e4t zu sichern.<\/p>\n<p data-start=\"432\" data-end=\"733\">Als zertifizierte <strong data-start=\"450\" data-end=\"470\">Diabetologin DDG<\/strong> bietet Ihnen <strong data-start=\"484\" data-end=\"501\">Dr. Buschmann<\/strong> umfassende medizinische Betreuung, fachkundige Beratung und moderne Behandlungsm\u00f6glichkeiten. Unser Ziel ist es, Sie bestm\u00f6glich in Ihrem Alltag zu unterst\u00fctzen und gemeinsam mit Ihnen eine Therapie zu finden, die zu Ihnen passt.<\/p>\n<p data-start=\"432\" data-end=\"733\"><strong data-start=\"739\" data-end=\"794\">Unsere diabetologischen Leistungen auf einen Blick:<\/strong><\/p>\n<ul>\n<li data-start=\"797\" data-end=\"1029\">Pr\u00e4zise Diagnostik &amp; individuelle Therapieplanung<\/li>\n<li data-start=\"797\" data-end=\"1029\">Umfassende Schulung &amp; Beratung zu Ern\u00e4hrung und Lebensstil<\/li>\n<li data-start=\"797\" data-end=\"1029\">Moderne Behandlungsans\u00e4tze f\u00fcr Typ-1- und Typ-2-Diabetes<\/li>\n<li data-start=\"797\" data-end=\"1029\">Unterst\u00fctzung bei Folgeerkrankungen und Pr\u00e4vention<\/li>\n<\/ul>\n<h3><a href=\"https:\/\/www.hausarztpraxis-am-salinenpark.de\/index.php\/diabetologische-betreuung-werne\/\">MEHR ERFAHREN&#8230;<\/a><\/h3>\n<\/div><\/div><\/div><\/div><\/div><\/div><\/section><section class=\"l-section wpb_row us_custom_d9b60c61 height_auto\"><div class=\"l-section-h i-cf\"><div class=\"g-cols vc_row via_grid cols_2 laptops-cols_inherit tablets-cols_2 mobiles-cols_1 valign_middle type_default reversed stacking_default\" style=\"--columns-gap:2vw;\"><div class=\"wpb_column vc_column_container us_custom_f8d35e69\"><div class=\"vc_column-inner\"><h2 class=\"w-text us_custom_8c95f480\"><span class=\"w-text-h\"><span class=\"w-text-value\">Selbstzahler-Leistungen \u2013 Individuelle Medizin nach Ihren Bed\u00fcrfnissen<\/span><\/span><\/h2><div class=\"wpb_text_column us_custom_c47564d9\"><div class=\"wpb_wrapper\"><p data-start=\"205\" data-end=\"512\">Mit \u00fcber 15 Jahren Erfahrung in der medizinischen Versorgung wissen wir, wie wichtig eine umfassende Beratung f\u00fcr Ihr Wohlbefinden ist. Besonders in sensiblen Bereichen wie <strong data-start=\"378\" data-end=\"434\">Reisemedizin, Vorsorgeuntersuchungen und Vollmachten <\/strong>besteht oft ein hoher Bedarf an kompetenter und einf\u00fchlsamer Unterst\u00fctzung.<\/p>\n<p data-start=\"589\" data-end=\"878\">Wir nehmen uns Zeit f\u00fcr Ihr Anliegen, kl\u00e4ren Ihre Fragen ausf\u00fchrlich und bieten Ihnen eine individuelle Betreuung auf h\u00f6chstem medizinischen Niveau. Ihre Gesundheit und Ihr Vertrauen stehen f\u00fcr uns an erster Stelle \u2013 damit Sie sich jederzeit gut aufgehoben und bestens informiert f\u00fchlen.<\/p>\n<h3 data-start=\"589\" data-end=\"878\"><a href=\"https:\/\/www.hausarztpraxis-am-salinenpark.de\/index.php\/selbstzahler-leistungen-individuelle-gesundheitsleistungen\/\">MEHR ERFAHREN&#8230;<\/a><\/h3>\n<\/div><\/div><\/div><\/div><div class=\"wpb_column vc_column_container us_custom_d40094e0 has_bg_color\"><div class=\"vc_column-inner\"><\/div><\/div><\/div><\/div><\/section><section class=\"l-section wpb_row us_custom_8da11c82 height_auto\"><div class=\"l-section-h i-cf\"><div class=\"g-cols vc_row via_grid cols_2 laptops-cols_inherit tablets-cols_2 mobiles-cols_1 valign_middle type_default stacking_default\" style=\"--columns-gap:2vw;\"><div class=\"wpb_column vc_column_container us_custom_fcd5fd91 has_bg_color\"><div class=\"vc_column-inner\"><\/div><\/div><div class=\"wpb_column vc_column_container us_custom_ddb185bd\"><div class=\"vc_column-inner\"><h2 class=\"w-text us_custom_8c95f480\"><span class=\"w-text-h\"><span class=\"w-text-value\">Privat\u00e4rztliche Leistungen \u2013 Individuelle Medizin f\u00fcr Ihre Gesundheit<\/span><\/span><\/h2><div class=\"wpb_text_column us_custom_c47564d9\"><div class=\"wpb_wrapper\"><p data-start=\"198\" data-end=\"494\">In unserer Praxis bieten wir Ihnen ein umfassendes Spektrum an privat\u00e4rztlichen Leistungen, die individuell auf Ihre Bed\u00fcrfnisse abgestimmt sind. Diese erm\u00f6glichen eine gezielte Diagnostik und Therapie, die \u00fcber die regul\u00e4re Kassenmedizin hinausgeht \u2013 f\u00fcr eine optimale medizinische Versorgung.<\/p>\n<p data-start=\"198\" data-end=\"494\">Wir nehmen uns ausreichend Zeit f\u00fcr Ihr Anliegen, analysieren Ihre Gesundheitssituation ausf\u00fchrlich und entwickeln eine individuelle Behandlungsstrategie. Unser Ziel ist es, Ihre Gesundheit langfristig zu erhalten und Ihre Lebensqualit\u00e4t nachhaltig zu verbessern.<\/p>\n<p data-start=\"847\" data-end=\"1046\">Mit unserer langj\u00e4hrigen Erfahrung und medizinischen Expertise stehen wir Ihnen als vertrauensvoller Partner zur Seite. Dabei legen wir gro\u00dfen Wert auf eine einf\u00fchlsame und ganzheitliche Betreuung.<\/p>\n<h3 data-start=\"847\" data-end=\"1046\"><a href=\"https:\/\/www.hausarztpraxis-am-salinenpark.de\/index.php\/privataerztliche-leistungen\/\">MEHR ERFAHREN&#8230;<\/a><\/h3>\n<\/div><\/div><\/div><\/div><\/div><\/div><\/section><section class=\"l-section wpb_row us_custom_6dae34cd height_auto\"><div class=\"l-section-h i-cf\"><div class=\"g-cols vc_row via_grid cols_1 laptops-cols_inherit tablets-cols_inherit mobiles-cols_1 valign_top type_default stacking_default\"><div class=\"wpb_column vc_column_container\"><div class=\"vc_column-inner\"><h2 class=\"w-text us_custom_9e34de9d no_text\"><span class=\"w-text-h\"><span class=\"w-text-value\"><\/span><\/span><\/h2><div class=\"wpb_text_column\"><div class=\"wpb_wrapper\"><p style=\"text-align: center;\"><span>\u27a1 <\/span><strong data-start=\"1033\" data-end=\"1069\">Lassen Sie sich von uns beraten!<\/strong><br data-start=\"1069\" data-end=\"1072\" \/><span>Vereinbaren Sie jetzt einen <a href=\"https:\/\/www.termin-patmed.de\/p\/hausarztpraxis-am-salinenpark\">Termin<\/a> \u2013 wir begleiten Sie auf Ihrem Weg zu mehr Lebensqualit\u00e4t.<\/span><\/p>\n<\/div><\/div><div class=\"wpb_text_column us_custom_5a309403\"><div class=\"wpb_wrapper\"><\/div><\/div><\/div><\/div><div class=\"wpb_column vc_column_container\"><div class=\"vc_column-inner\"><h2 class=\"w-text us_custom_9e34de9d no_text\"><span class=\"w-text-h\"><span class=\"w-text-value\"><\/span><\/span><\/h2><div class=\"wpb_text_column us_custom_5a309403\"><div class=\"wpb_wrapper\"><\/div><\/div><\/div><\/div><\/div><\/div><\/section><section class=\"l-section wpb_row height_auto\"><div class=\"l-section-h i-cf\"><div class=\"g-cols vc_row via_grid cols_1 laptops-cols_inherit tablets-cols_inherit mobiles-cols_1 valign_top type_default stacking_default\"><div class=\"wpb_column vc_column_container us_custom_960e5c3e\"><div class=\"vc_column-inner\"><div class=\"w-separator us_custom_21a62b47 size_small\"><\/div><\/div><\/div><\/div><\/div><\/section>\n","protected":false},"excerpt":{"rendered":"Die LeistungenHaus\u00e4rztliche Leistungen \u2013 Vorsorge, Sonographie und LangzeitbetreuungUnsere haus\u00e4rztlichen Leistungen bieten Ihnen eine umfassende Gesundheitsversorgung, die auf Ihre individuellen Bed\u00fcrfnisse zugeschnitten ist. Wir legen gro\u00dfen Wert auf pr\u00e4ventive Ma\u00dfnahmen, wie regelm\u00e4\u00dfige Vorsorge-Checks, um Krankheiten fr\u00fchzeitig zu erkennen und Ihre Gesundheit nachhaltig zu f\u00f6rdern. Mit modernen Sonographie-Untersuchungen stellen wir eine pr\u00e4zise Diagnose und bieten Ihnen ma\u00dfgeschneiderte...","protected":false},"author":1,"featured_media":0,"parent":0,"menu_order":0,"comment_status":"closed","ping_status":"open","template":"","meta":{"footnotes":""},"class_list":["post-8808","page","type-page","status-publish","hentry"],"yoast_head":"<!-- This site is optimized with the Yoast SEO Premium plugin v26.3 (Yoast SEO v27.3) - https:\/\/yoast.com\/product\/yoast-seo-premium-wordpress\/ -->\n<title>Leistungen: Umfassende Betreuung durch Ihren Hausarzt<\/title>\n<meta name=\"description\" content=\"Erfahren Sie mehr \u00fcber unsere Leistungen zur F\u00f6rderung Ihrer Gesundheit und ma\u00dfgeschneiderte Therapieans\u00e4tze.\" \/>\n<meta name=\"robots\" content=\"index, follow, max-snippet:-1, max-image-preview:large, max-video-preview:-1\" \/>\n<link rel=\"canonical\" href=\"https:\/\/www.hausarztpraxis-am-salinenpark.de\/index.php\/leistungen\/\" \/>\n<meta property=\"og:locale\" content=\"de_DE\" \/>\n<meta property=\"og:type\" content=\"article\" \/>\n<meta property=\"og:title\" content=\"Leistungen\" \/>\n<meta property=\"og:description\" content=\"Erfahren Sie mehr \u00fcber unsere Leistungen zur F\u00f6rderung Ihrer Gesundheit und ma\u00dfgeschneiderte Therapieans\u00e4tze.\" \/>\n<meta property=\"og:url\" content=\"https:\/\/www.hausarztpraxis-am-salinenpark.de\/index.php\/leistungen\/\" \/>\n<meta property=\"og:site_name\" content=\"Hausarztpraxis am Salinenpark Werne \u2013 Ihre \u00c4rztin f\u00fcr Allgemeinmedizin und Diabetologie\" \/>\n<meta property=\"article:modified_time\" content=\"2025-02-24T16:21:50+00:00\" \/>\n<meta name=\"twitter:card\" content=\"summary_large_image\" \/>\n<meta name=\"twitter:label1\" content=\"Gesch\u00e4tzte Lesezeit\" \/>\n\t<meta name=\"twitter:data1\" content=\"4\u00a0Minuten\" \/>\n<script type=\"application\/ld+json\" class=\"yoast-schema-graph\">{\"@context\":\"https:\\\/\\\/schema.org\",\"@graph\":[{\"@type\":\"WebPage\",\"@id\":\"https:\\\/\\\/www.hausarztpraxis-am-salinenpark.de\\\/index.php\\\/leistungen\\\/\",\"url\":\"https:\\\/\\\/www.hausarztpraxis-am-salinenpark.de\\\/index.php\\\/leistungen\\\/\",\"name\":\"Leistungen: Umfassende Betreuung durch Ihren Hausarzt\",\"isPartOf\":{\"@id\":\"https:\\\/\\\/www.hausarztpraxis-am-salinenpark.de\\\/#website\"},\"datePublished\":\"2024-10-22T14:57:05+00:00\",\"dateModified\":\"2025-02-24T16:21:50+00:00\",\"description\":\"Erfahren Sie mehr \u00fcber unsere Leistungen zur F\u00f6rderung Ihrer Gesundheit und ma\u00dfgeschneiderte Therapieans\u00e4tze.\",\"breadcrumb\":{\"@id\":\"https:\\\/\\\/www.hausarztpraxis-am-salinenpark.de\\\/index.php\\\/leistungen\\\/#breadcrumb\"},\"inLanguage\":\"de\",\"potentialAction\":[{\"@type\":\"ReadAction\",\"target\":[\"https:\\\/\\\/www.hausarztpraxis-am-salinenpark.de\\\/index.php\\\/leistungen\\\/\"]}]},{\"@type\":\"BreadcrumbList\",\"@id\":\"https:\\\/\\\/www.hausarztpraxis-am-salinenpark.de\\\/index.php\\\/leistungen\\\/#breadcrumb\",\"itemListElement\":[{\"@type\":\"ListItem\",\"position\":1,\"name\":\"Startseite\",\"item\":\"https:\\\/\\\/www.hausarztpraxis-am-salinenpark.de\\\/\"},{\"@type\":\"ListItem\",\"position\":2,\"name\":\"Leistungen\"}]},{\"@type\":\"WebSite\",\"@id\":\"https:\\\/\\\/www.hausarztpraxis-am-salinenpark.de\\\/#website\",\"url\":\"https:\\\/\\\/www.hausarztpraxis-am-salinenpark.de\\\/\",\"name\":\"Hausarztpraxis am Salinenpark Werne \u2013 Ihre \u00c4rztin f\u00fcr Allgemeinmedizin und Diabetologie\",\"description\":\"In der Hausarztpraxis am Salinenpark in Werne bietet Ihre erfahrene \u00c4rztin umfassende Betreuung in Allgemeinmedizin und Diabetologie. Von Vorsorgeuntersuchungen \u00fcber individuelle Diagnostik bis hin zu spezialisierter Diabetesberatung \u2013 vertrauen Sie auf pers\u00f6nliche und fachkundige Gesundheitsversorgung. Vereinbaren Sie jetzt Ihren Termin!\",\"potentialAction\":[{\"@type\":\"SearchAction\",\"target\":{\"@type\":\"EntryPoint\",\"urlTemplate\":\"https:\\\/\\\/www.hausarztpraxis-am-salinenpark.de\\\/?s={search_term_string}\"},\"query-input\":{\"@type\":\"PropertyValueSpecification\",\"valueRequired\":true,\"valueName\":\"search_term_string\"}}],\"inLanguage\":\"de\"}]}<\/script>\n<!-- \/ Yoast SEO Premium plugin. -->","yoast_head_json":{"title":"Leistungen: Umfassende Betreuung durch Ihren Hausarzt","description":"Erfahren Sie mehr \u00fcber unsere Leistungen zur F\u00f6rderung Ihrer Gesundheit und ma\u00dfgeschneiderte Therapieans\u00e4tze.","robots":{"index":"index","follow":"follow","max-snippet":"max-snippet:-1","max-image-preview":"max-image-preview:large","max-video-preview":"max-video-preview:-1"},"canonical":"https:\/\/www.hausarztpraxis-am-salinenpark.de\/index.php\/leistungen\/","og_locale":"de_DE","og_type":"article","og_title":"Leistungen","og_description":"Erfahren Sie mehr \u00fcber unsere Leistungen zur F\u00f6rderung Ihrer Gesundheit und ma\u00dfgeschneiderte Therapieans\u00e4tze.","og_url":"https:\/\/www.hausarztpraxis-am-salinenpark.de\/index.php\/leistungen\/","og_site_name":"Hausarztpraxis am Salinenpark Werne \u2013 Ihre \u00c4rztin f\u00fcr Allgemeinmedizin und Diabetologie","article_modified_time":"2025-02-24T16:21:50+00:00","twitter_card":"summary_large_image","twitter_misc":{"Gesch\u00e4tzte Lesezeit":"4\u00a0Minuten"},"schema":{"@context":"https:\/\/schema.org","@graph":[{"@type":"WebPage","@id":"https:\/\/www.hausarztpraxis-am-salinenpark.de\/index.php\/leistungen\/","url":"https:\/\/www.hausarztpraxis-am-salinenpark.de\/index.php\/leistungen\/","name":"Leistungen: Umfassende Betreuung durch Ihren Hausarzt","isPartOf":{"@id":"https:\/\/www.hausarztpraxis-am-salinenpark.de\/#website"},"datePublished":"2024-10-22T14:57:05+00:00","dateModified":"2025-02-24T16:21:50+00:00","description":"Erfahren Sie mehr \u00fcber unsere Leistungen zur F\u00f6rderung Ihrer Gesundheit und ma\u00dfgeschneiderte Therapieans\u00e4tze.","breadcrumb":{"@id":"https:\/\/www.hausarztpraxis-am-salinenpark.de\/index.php\/leistungen\/#breadcrumb"},"inLanguage":"de","potentialAction":[{"@type":"ReadAction","target":["https:\/\/www.hausarztpraxis-am-salinenpark.de\/index.php\/leistungen\/"]}]},{"@type":"BreadcrumbList","@id":"https:\/\/www.hausarztpraxis-am-salinenpark.de\/index.php\/leistungen\/#breadcrumb","itemListElement":[{"@type":"ListItem","position":1,"name":"Startseite","item":"https:\/\/www.hausarztpraxis-am-salinenpark.de\/"},{"@type":"ListItem","position":2,"name":"Leistungen"}]},{"@type":"WebSite","@id":"https:\/\/www.hausarztpraxis-am-salinenpark.de\/#website","url":"https:\/\/www.hausarztpraxis-am-salinenpark.de\/","name":"Hausarztpraxis am Salinenpark Werne \u2013 Ihre \u00c4rztin f\u00fcr Allgemeinmedizin und Diabetologie","description":"In der Hausarztpraxis am Salinenpark in Werne bietet Ihre erfahrene \u00c4rztin umfassende Betreuung in Allgemeinmedizin und Diabetologie. Von Vorsorgeuntersuchungen \u00fcber individuelle Diagnostik bis hin zu spezialisierter Diabetesberatung \u2013 vertrauen Sie auf pers\u00f6nliche und fachkundige Gesundheitsversorgung. Vereinbaren Sie jetzt Ihren Termin!","potentialAction":[{"@type":"SearchAction","target":{"@type":"EntryPoint","urlTemplate":"https:\/\/www.hausarztpraxis-am-salinenpark.de\/?s={search_term_string}"},"query-input":{"@type":"PropertyValueSpecification","valueRequired":true,"valueName":"search_term_string"}}],"inLanguage":"de"}]}},"_links":{"self":[{"href":"https:\/\/www.hausarztpraxis-am-salinenpark.de\/index.php\/wp-json\/wp\/v2\/pages\/8808","targetHints":{"allow":["GET"]}}],"collection":[{"href":"https:\/\/www.hausarztpraxis-am-salinenpark.de\/index.php\/wp-json\/wp\/v2\/pages"}],"about":[{"href":"https:\/\/www.hausarztpraxis-am-salinenpark.de\/index.php\/wp-json\/wp\/v2\/types\/page"}],"author":[{"embeddable":true,"href":"https:\/\/www.hausarztpraxis-am-salinenpark.de\/index.php\/wp-json\/wp\/v2\/users\/1"}],"replies":[{"embeddable":true,"href":"https:\/\/www.hausarztpraxis-am-salinenpark.de\/index.php\/wp-json\/wp\/v2\/comments?post=8808"}],"version-history":[{"count":54,"href":"https:\/\/www.hausarztpraxis-am-salinenpark.de\/index.php\/wp-json\/wp\/v2\/pages\/8808\/revisions"}],"predecessor-version":[{"id":26449,"href":"https:\/\/www.hausarztpraxis-am-salinenpark.de\/index.php\/wp-json\/wp\/v2\/pages\/8808\/revisions\/26449"}],"wp:attachment":[{"href":"https:\/\/www.hausarztpraxis-am-salinenpark.de\/index.php\/wp-json\/wp\/v2\/media?parent=8808"}],"curies":[{"name":"wp","href":"https:\/\/api.w.org\/{rel}","templated":true}]}}