{"id":8533,"date":"2024-06-19T13:24:05","date_gmt":"2024-06-19T13:24:05","guid":{"rendered":"https:\/\/impreza.us-themes.com\/?page_id=8533"},"modified":"2024-10-25T19:53:23","modified_gmt":"2024-10-25T17:53:23","slug":"terms-and-conditions","status":"publish","type":"page","link":"https:\/\/www.hausarztpraxis-am-salinenpark.de\/index.php\/terms-and-conditions\/","title":{"rendered":"Impressum"},"content":{"rendered":"<section class=\"l-section wpb_row height_auto\"><div class=\"l-section-h i-cf\"><div class=\"g-cols vc_row via_grid cols_1 laptops-cols_inherit tablets-cols_inherit mobiles-cols_1 valign_top type_default stacking_default\"><div class=\"wpb_column vc_column_container\"><div class=\"vc_column-inner\"><div class=\"wpb_text_column us_custom_25eb9e12\"><div class=\"wpb_wrapper\"><h2>Impressum<\/h2>\n<p>Jana Buschmann<br \/>\nHausarztpraxis am Salinenpark<br \/>\nSteinstr. 42-44<br \/>\n59368 Werne<\/p>\n<h4>Kontakt<\/h4>\n<p style=\"padding-left: 40px;\">Telefon: +49 (0) 2389 2205<br \/>\nTelefax: +49 (0) 2389 923369<br \/>\nE-Mail: info@hausarztpraxis-am-salinenpark.de<\/p>\n<h4>Umsatzsteuer-ID<\/h4>\n<p style=\"padding-left: 40px;\">Umsatzsteuer-Identifikationsnummer gem\u00e4\u00df \u00a7 27 a Umsatzsteuergesetz:<br \/>\nDE366471317<\/p>\n<h4>Aufsichtsbeh\u00f6rde<\/h4>\n<p style=\"padding-left: 40px;\">Kassen\u00e4rztliche Vereinigung Westfalen-Lippe<br \/>\nRobert-Schimrigk-Str. 4-6<br \/>\n44141 Dortmund<\/p>\n<p style=\"padding-left: 40px;\"><span style=\"color: #ec84a4;\"><a style=\"color: #ec84a4;\" href=\"https:\/\/www.kvwl.de\/\" target=\"_blank\" rel=\"noopener noreferrer\">https:\/\/www.kvwl.de<\/a><\/span><\/p>\n<h4>Berufsbezeichnung und berufsrechtliche Regelungen<\/h4>\n<p style=\"padding-left: 40px;\">Berufsbezeichnung:<br \/>\nFach\u00e4rztin f\u00fcr Innere Medizin<\/p>\n<p style=\"padding-left: 40px;\">Zust\u00e4ndige Kammer:<br \/>\n\u00c4rztekammer Westfalen-Lippe<br \/>\nGartenstra\u00dfe 210 \u2013 214<br \/>\n48147 M\u00fcnster<\/p>\n<p style=\"padding-left: 40px;\">Verliehen in:<br \/>\nDeutschland<\/p>\n<h4>Angaben zur Berufs\u00adhaftpflicht\u00adversicherung<\/h4>\n<p style=\"padding-left: 40px;\"><strong>Name und Sitz des Versicherers:<\/strong><br \/>\nAXA Konzern AG<br \/>\nColonia-Allee 10-20<br \/>\n51067 K\u00f6ln<\/p>\n<p style=\"padding-left: 40px;\"><strong>Geltungsraum der Versicherung:<\/strong><br \/>\nDeutschland<\/p>\n<h4>EU-Streitschlichtung<\/h4>\n<p style=\"padding-left: 40px;\">Die Europ\u00e4ische Kommission stellt eine Plattform zur Online-Streitbeilegung (OS) bereit: <span style=\"color: #ec84a4;\"><a style=\"color: #ec84a4;\" href=\"https:\/\/ec.europa.eu\/consumers\/odr\/\" target=\"_blank\" rel=\"noopener noreferrer\">https:\/\/ec.europa.eu\/consumers\/odr\/<\/a><\/span><br \/>\nUnsere E-Mail-Adresse finden Sie oben im Impressum.<\/p>\n<h4>Verbraucher\u00adstreit\u00adbeilegung\/Universal\u00adschlichtungs\u00adstelle<\/h4>\n<p style=\"padding-left: 40px;\">Wir sind nicht bereit oder verpflichtet, an Streitbeilegungsverfahren vor einer Verbraucherschlichtungsstelle teilzunehmen.<\/p>\n<p style=\"padding-left: 40px;\">Quelle: <span style=\"color: #ec84a4;\"><a style=\"color: #ec84a4;\" href=\"https:\/\/www.e-recht24.de\/impressum-generator.html\">https:\/\/www.e-recht24.de\/impressum- generator.html<\/a><\/span><\/p>\n<h3><\/h3>\n<\/div><\/div><\/div><\/div><\/div><\/div><\/section>\n","protected":false},"excerpt":{"rendered":"Impressum Jana Buschmann Hausarztpraxis am Salinenpark Steinstr. 42-44 59368 Werne Kontakt Telefon: +49 (0) 2389 2205 Telefax: +49 (0) 2389 923369 E-Mail: info@hausarztpraxis-am-salinenpark.de Umsatzsteuer-ID Umsatzsteuer-Identifikationsnummer gem\u00e4\u00df \u00a7 27 a Umsatzsteuergesetz: DE366471317 Aufsichtsbeh\u00f6rde Kassen\u00e4rztliche Vereinigung Westfalen-Lippe Robert-Schimrigk-Str. 4-6 44141 Dortmund https:\/\/www.kvwl.de Berufsbezeichnung und berufsrechtliche Regelungen Berufsbezeichnung: Fach\u00e4rztin f\u00fcr Innere Medizin Zust\u00e4ndige Kammer: \u00c4rztekammer Westfalen-Lippe Gartenstra\u00dfe 210...","protected":false},"author":1,"featured_media":0,"parent":0,"menu_order":0,"comment_status":"closed","ping_status":"closed","template":"","meta":{"footnotes":""},"class_list":["post-8533","page","type-page","status-publish","hentry"],"yoast_head":"<!-- This site is optimized with the Yoast SEO Premium plugin v26.3 (Yoast SEO v27.3) - https:\/\/yoast.com\/product\/yoast-seo-premium-wordpress\/ -->\n<title>Impressum - Hausarztpraxis am Salinenpark Werne \u2013 Ihre \u00c4rztin f\u00fcr Allgemeinmedizin und Diabetologie<\/title>\n<meta name=\"robots\" content=\"index, follow, max-snippet:-1, max-image-preview:large, max-video-preview:-1\" \/>\n<link rel=\"canonical\" href=\"https:\/\/www.hausarztpraxis-am-salinenpark.de\/index.php\/terms-and-conditions\/\" \/>\n<meta property=\"og:locale\" content=\"de_DE\" \/>\n<meta property=\"og:type\" content=\"article\" \/>\n<meta property=\"og:title\" content=\"Impressum\" \/>\n<meta property=\"og:url\" content=\"https:\/\/www.hausarztpraxis-am-salinenpark.de\/index.php\/terms-and-conditions\/\" \/>\n<meta property=\"og:site_name\" content=\"Hausarztpraxis am Salinenpark Werne \u2013 Ihre \u00c4rztin f\u00fcr Allgemeinmedizin und Diabetologie\" \/>\n<meta property=\"article:modified_time\" content=\"2024-10-25T17:53:23+00:00\" \/>\n<meta name=\"twitter:card\" content=\"summary_large_image\" \/>\n<meta name=\"twitter:label1\" content=\"Gesch\u00e4tzte Lesezeit\" \/>\n\t<meta name=\"twitter:data1\" content=\"1\u00a0Minute\" \/>\n<script type=\"application\/ld+json\" class=\"yoast-schema-graph\">{\"@context\":\"https:\\\/\\\/schema.org\",\"@graph\":[{\"@type\":\"WebPage\",\"@id\":\"https:\\\/\\\/www.hausarztpraxis-am-salinenpark.de\\\/index.php\\\/terms-and-conditions\\\/\",\"url\":\"https:\\\/\\\/www.hausarztpraxis-am-salinenpark.de\\\/index.php\\\/terms-and-conditions\\\/\",\"name\":\"Impressum - Hausarztpraxis am Salinenpark Werne \u2013 Ihre \u00c4rztin f\u00fcr Allgemeinmedizin und Diabetologie\",\"isPartOf\":{\"@id\":\"https:\\\/\\\/www.hausarztpraxis-am-salinenpark.de\\\/#website\"},\"datePublished\":\"2024-06-19T13:24:05+00:00\",\"dateModified\":\"2024-10-25T17:53:23+00:00\",\"breadcrumb\":{\"@id\":\"https:\\\/\\\/www.hausarztpraxis-am-salinenpark.de\\\/index.php\\\/terms-and-conditions\\\/#breadcrumb\"},\"inLanguage\":\"de\",\"potentialAction\":[{\"@type\":\"ReadAction\",\"target\":[\"https:\\\/\\\/www.hausarztpraxis-am-salinenpark.de\\\/index.php\\\/terms-and-conditions\\\/\"]}]},{\"@type\":\"BreadcrumbList\",\"@id\":\"https:\\\/\\\/www.hausarztpraxis-am-salinenpark.de\\\/index.php\\\/terms-and-conditions\\\/#breadcrumb\",\"itemListElement\":[{\"@type\":\"ListItem\",\"position\":1,\"name\":\"Startseite\",\"item\":\"https:\\\/\\\/www.hausarztpraxis-am-salinenpark.de\\\/\"},{\"@type\":\"ListItem\",\"position\":2,\"name\":\"Impressum\"}]},{\"@type\":\"WebSite\",\"@id\":\"https:\\\/\\\/www.hausarztpraxis-am-salinenpark.de\\\/#website\",\"url\":\"https:\\\/\\\/www.hausarztpraxis-am-salinenpark.de\\\/\",\"name\":\"Hausarztpraxis am Salinenpark Werne \u2013 Ihre \u00c4rztin f\u00fcr Allgemeinmedizin und Diabetologie\",\"description\":\"In der Hausarztpraxis am Salinenpark in Werne bietet Ihre erfahrene \u00c4rztin umfassende Betreuung in Allgemeinmedizin und Diabetologie. Von Vorsorgeuntersuchungen \u00fcber individuelle Diagnostik bis hin zu spezialisierter Diabetesberatung \u2013 vertrauen Sie auf pers\u00f6nliche und fachkundige Gesundheitsversorgung. Vereinbaren Sie jetzt Ihren Termin!\",\"potentialAction\":[{\"@type\":\"SearchAction\",\"target\":{\"@type\":\"EntryPoint\",\"urlTemplate\":\"https:\\\/\\\/www.hausarztpraxis-am-salinenpark.de\\\/?s={search_term_string}\"},\"query-input\":{\"@type\":\"PropertyValueSpecification\",\"valueRequired\":true,\"valueName\":\"search_term_string\"}}],\"inLanguage\":\"de\"}]}<\/script>\n<!-- \/ Yoast SEO Premium plugin. -->","yoast_head_json":{"title":"Impressum - Hausarztpraxis am Salinenpark Werne \u2013 Ihre \u00c4rztin f\u00fcr Allgemeinmedizin und Diabetologie","robots":{"index":"index","follow":"follow","max-snippet":"max-snippet:-1","max-image-preview":"max-image-preview:large","max-video-preview":"max-video-preview:-1"},"canonical":"https:\/\/www.hausarztpraxis-am-salinenpark.de\/index.php\/terms-and-conditions\/","og_locale":"de_DE","og_type":"article","og_title":"Impressum","og_url":"https:\/\/www.hausarztpraxis-am-salinenpark.de\/index.php\/terms-and-conditions\/","og_site_name":"Hausarztpraxis am Salinenpark Werne \u2013 Ihre \u00c4rztin f\u00fcr Allgemeinmedizin und Diabetologie","article_modified_time":"2024-10-25T17:53:23+00:00","twitter_card":"summary_large_image","twitter_misc":{"Gesch\u00e4tzte Lesezeit":"1\u00a0Minute"},"schema":{"@context":"https:\/\/schema.org","@graph":[{"@type":"WebPage","@id":"https:\/\/www.hausarztpraxis-am-salinenpark.de\/index.php\/terms-and-conditions\/","url":"https:\/\/www.hausarztpraxis-am-salinenpark.de\/index.php\/terms-and-conditions\/","name":"Impressum - Hausarztpraxis am Salinenpark Werne \u2013 Ihre \u00c4rztin f\u00fcr Allgemeinmedizin und Diabetologie","isPartOf":{"@id":"https:\/\/www.hausarztpraxis-am-salinenpark.de\/#website"},"datePublished":"2024-06-19T13:24:05+00:00","dateModified":"2024-10-25T17:53:23+00:00","breadcrumb":{"@id":"https:\/\/www.hausarztpraxis-am-salinenpark.de\/index.php\/terms-and-conditions\/#breadcrumb"},"inLanguage":"de","potentialAction":[{"@type":"ReadAction","target":["https:\/\/www.hausarztpraxis-am-salinenpark.de\/index.php\/terms-and-conditions\/"]}]},{"@type":"BreadcrumbList","@id":"https:\/\/www.hausarztpraxis-am-salinenpark.de\/index.php\/terms-and-conditions\/#breadcrumb","itemListElement":[{"@type":"ListItem","position":1,"name":"Startseite","item":"https:\/\/www.hausarztpraxis-am-salinenpark.de\/"},{"@type":"ListItem","position":2,"name":"Impressum"}]},{"@type":"WebSite","@id":"https:\/\/www.hausarztpraxis-am-salinenpark.de\/#website","url":"https:\/\/www.hausarztpraxis-am-salinenpark.de\/","name":"Hausarztpraxis am Salinenpark Werne \u2013 Ihre \u00c4rztin f\u00fcr Allgemeinmedizin und Diabetologie","description":"In der Hausarztpraxis am Salinenpark in Werne bietet Ihre erfahrene \u00c4rztin umfassende Betreuung in Allgemeinmedizin und Diabetologie. Von Vorsorgeuntersuchungen \u00fcber individuelle Diagnostik bis hin zu spezialisierter Diabetesberatung \u2013 vertrauen Sie auf pers\u00f6nliche und fachkundige Gesundheitsversorgung. Vereinbaren Sie jetzt Ihren Termin!","potentialAction":[{"@type":"SearchAction","target":{"@type":"EntryPoint","urlTemplate":"https:\/\/www.hausarztpraxis-am-salinenpark.de\/?s={search_term_string}"},"query-input":{"@type":"PropertyValueSpecification","valueRequired":true,"valueName":"search_term_string"}}],"inLanguage":"de"}]}},"_links":{"self":[{"href":"https:\/\/www.hausarztpraxis-am-salinenpark.de\/index.php\/wp-json\/wp\/v2\/pages\/8533","targetHints":{"allow":["GET"]}}],"collection":[{"href":"https:\/\/www.hausarztpraxis-am-salinenpark.de\/index.php\/wp-json\/wp\/v2\/pages"}],"about":[{"href":"https:\/\/www.hausarztpraxis-am-salinenpark.de\/index.php\/wp-json\/wp\/v2\/types\/page"}],"author":[{"embeddable":true,"href":"https:\/\/www.hausarztpraxis-am-salinenpark.de\/index.php\/wp-json\/wp\/v2\/users\/1"}],"replies":[{"embeddable":true,"href":"https:\/\/www.hausarztpraxis-am-salinenpark.de\/index.php\/wp-json\/wp\/v2\/comments?post=8533"}],"version-history":[{"count":2,"href":"https:\/\/www.hausarztpraxis-am-salinenpark.de\/index.php\/wp-json\/wp\/v2\/pages\/8533\/revisions"}],"predecessor-version":[{"id":9080,"href":"https:\/\/www.hausarztpraxis-am-salinenpark.de\/index.php\/wp-json\/wp\/v2\/pages\/8533\/revisions\/9080"}],"wp:attachment":[{"href":"https:\/\/www.hausarztpraxis-am-salinenpark.de\/index.php\/wp-json\/wp\/v2\/media?parent=8533"}],"curies":[{"name":"wp","href":"https:\/\/api.w.org\/{rel}","templated":true}]}}