{"id":33,"date":"2022-05-14T16:13:59","date_gmt":"2022-05-14T16:13:59","guid":{"rendered":"https:\/\/impreza51.us-themes.com\/?page_id=33"},"modified":"2025-07-06T13:36:38","modified_gmt":"2025-07-06T11:36:38","slug":"team-der-praxis-am-salinenpark","status":"publish","type":"page","link":"https:\/\/www.hausarztpraxis-am-salinenpark.de\/index.php\/team-der-praxis-am-salinenpark\/","title":{"rendered":"Praxis"},"content":{"rendered":"<section class=\"l-section wpb_row us_custom_b8043cba height_medium\"><div class=\"l-section-h i-cf\"><div class=\"g-cols vc_row via_grid cols_1 laptops-cols_inherit tablets-cols_inherit mobiles-cols_1 valign_top type_default stacking_default\"><div class=\"wpb_column vc_column_container\"><div class=\"vc_column-inner\"><h1 class=\"w-text us_custom_eb849559\"><span class=\"w-text-h\"><span class=\"w-text-value\">Das Team<\/span><\/span><\/h1><\/div><\/div><\/div><\/div><\/section><section class=\"l-section wpb_row us_custom_19737bc8 height_auto\"><div class=\"l-section-h i-cf\"><div class=\"g-cols vc_row via_grid cols_2 laptops-cols_inherit tablets-cols_2 mobiles-cols_1 valign_middle type_default stacking_default\" style=\"--columns-gap:2vw;\"><div class=\"wpb_column vc_column_container us_custom_f37c1d83 has_bg_color\"><div class=\"vc_column-inner\"><\/div><\/div><div class=\"wpb_column vc_column_container us_custom_037a6257\"><div class=\"vc_column-inner\"><h2 class=\"w-text\"><a href=\"https:\/\/www.hausarztpraxis-am-salinenpark.de\/index.php\/jana-buschmann-hausaerztin-in-werne-am-salinenpark\/\" class=\"w-text-h\"><span class=\"w-text-value\">Dr. med. Jana Buschmann<\/span><\/a><\/h2><div class=\"wpb_text_column\"><div class=\"wpb_wrapper\"><ul>\n<li>Praxisinhaberin<\/li>\n<li>Fach\u00e4rztin f\u00fcr Innere Medizin<\/li>\n<li>Zusatzbezeichnungen: Diabetologie, Ern\u00e4hrungsmedizin<\/li>\n<\/ul>\n<\/div><\/div><div class=\"w-separator size_medium\"><\/div><div class=\"w-btn-wrapper align_none\"><a class=\"w-btn us-btn-style_1\" href=\"https:\/\/www.hausarztpraxis-am-salinenpark.de\/index.php\/person-page\/\"><span class=\"w-btn-label\">mehr erfahren<\/span><\/a><\/div><\/div><\/div><\/div><\/div><\/section><section class=\"l-section wpb_row height_auto\"><div class=\"l-section-h i-cf\"><div class=\"g-cols vc_row via_grid cols_1 laptops-cols_inherit tablets-cols_inherit mobiles-cols_1 valign_top type_default stacking_default\"><div class=\"wpb_column vc_column_container us_custom_b9055c57\"><div class=\"vc_column-inner\"><\/div><\/div><\/div><\/div><\/section><section class=\"l-section wpb_row us_custom_19737bc8 height_auto\"><div class=\"l-section-h i-cf\"><div class=\"g-cols vc_row via_grid cols_2 laptops-cols_inherit tablets-cols_2 mobiles-cols_1 valign_middle type_default reversed stacking_default\" style=\"--columns-gap:2vw;\"><div class=\"wpb_column vc_column_container us_custom_b7f3210d\"><div class=\"vc_column-inner\"><h2 class=\"w-text\"><span class=\"w-text-h\"><span class=\"w-text-value\">Frau<br \/>\nAnnuth- Dyckhoff<\/span><\/span><\/h2><div class=\"wpb_text_column\"><div class=\"wpb_wrapper\"><ul>\n<li>MFA<\/li>\n<li>hauptverantwortlich f\u00fcr DMP Diabetes<\/li>\n<\/ul>\n<\/div><\/div><\/div><\/div><div class=\"wpb_column vc_column_container us_custom_10920dc0 has_bg_color\"><div class=\"vc_column-inner\"><\/div><\/div><\/div><\/div><\/section><section class=\"l-section wpb_row height_auto\"><div class=\"l-section-h i-cf\"><div class=\"g-cols vc_row via_grid cols_1 laptops-cols_inherit tablets-cols_inherit mobiles-cols_1 valign_top type_default stacking_default\"><div class=\"wpb_column vc_column_container us_custom_b9055c57\"><div class=\"vc_column-inner\"><\/div><\/div><\/div><\/div><\/section><section class=\"l-section wpb_row height_auto\"><div class=\"l-section-h i-cf\"><div class=\"g-cols vc_row via_grid cols_2 laptops-cols_2 tablets-cols_inherit mobiles-cols_1 valign_middle type_default stacking_default\" style=\"--columns-gap:2vw;\"><div class=\"wpb_column vc_column_container us_custom_0b746176 has_bg_color\"><div class=\"vc_column-inner\"><\/div><\/div><div class=\"wpb_column vc_column_container us_custom_037a6257\"><div class=\"vc_column-inner\"><h2 class=\"w-text\"><span class=\"w-text-h\"><span class=\"w-text-value\">Frau<br \/>\nGierke<\/span><\/span><\/h2><div class=\"wpb_text_column\"><div class=\"wpb_wrapper\"><ul>\n<li>MFA<\/li>\n<li>Fachwirtin f\u00fcr ambulante medizinische Versorgung<\/li>\n<li>Ern\u00e4hrungsmedizin f\u00fcr MFAs<\/li>\n<li>Leitung Labor\/Funktionsdiagnostik<\/li>\n<\/ul>\n<\/div><\/div><\/div><\/div><\/div><\/div><\/section><section class=\"l-section wpb_row height_auto\"><div class=\"l-section-h i-cf\"><div class=\"g-cols vc_row via_grid cols_1 laptops-cols_inherit tablets-cols_inherit mobiles-cols_1 valign_top type_default stacking_default\"><div class=\"wpb_column vc_column_container us_custom_b9055c57\"><div class=\"vc_column-inner\"><\/div><\/div><\/div><\/div><\/section><section class=\"l-section wpb_row us_custom_19737bc8 height_auto\"><div class=\"l-section-h i-cf\"><div class=\"g-cols vc_row via_grid cols_2 laptops-cols_inherit tablets-cols_2 mobiles-cols_1 valign_middle type_default reversed stacking_default\" style=\"--columns-gap:2vw;\"><div class=\"wpb_column vc_column_container us_custom_b7f3210d\"><div class=\"vc_column-inner\"><h2 class=\"w-text\"><span class=\"w-text-h\"><span class=\"w-text-value\">Frau Jedek<\/span><\/span><\/h2><div class=\"wpb_text_column\"><div class=\"wpb_wrapper\"><ul>\n<li>ZmFA<\/li>\n<li>Kauffrau f\u00fcr B\u00fcromanagment<\/li>\n<li>Praxismanagerin<\/li>\n<li>Leitung Anmeldung<\/li>\n<\/ul>\n<\/div><\/div><\/div><\/div><div class=\"wpb_column vc_column_container us_custom_ad63ea12 has_bg_color\"><div class=\"vc_column-inner\"><\/div><\/div><\/div><\/div><\/section><section class=\"l-section wpb_row height_auto\"><div class=\"l-section-h i-cf\"><div class=\"g-cols vc_row via_grid cols_1 laptops-cols_inherit tablets-cols_inherit mobiles-cols_1 valign_top type_default stacking_default\"><div class=\"wpb_column vc_column_container us_custom_b9055c57\"><div class=\"vc_column-inner\"><\/div><\/div><\/div><\/div><\/section><section class=\"l-section wpb_row height_auto\"><div class=\"l-section-h i-cf\"><div class=\"g-cols vc_row via_grid cols_2 laptops-cols_2 tablets-cols_inherit mobiles-cols_1 valign_middle type_default stacking_default\" style=\"--columns-gap:2vw;\"><div class=\"wpb_column vc_column_container us_custom_5a84963b has_bg_color\"><div class=\"vc_column-inner\"><\/div><\/div><div class=\"wpb_column vc_column_container us_custom_037a6257\"><div class=\"vc_column-inner\"><h2 class=\"w-text\"><span class=\"w-text-h\"><span class=\"w-text-value\">Frau<br \/>\nSolny<\/span><\/span><\/h2><div class=\"wpb_text_column\"><div class=\"wpb_wrapper\"><ul>\n<li>MFA<\/li>\n<li>Wundassistentin DDG<\/li>\n<li>hauptverantwortlich f\u00fcr Wundmanagement<\/li>\n<li>Hausbesuche zur Blutentnahme<\/li>\n<\/ul>\n<\/div><\/div><\/div><\/div><\/div><\/div><\/section><section class=\"l-section wpb_row height_auto\"><div class=\"l-section-h i-cf\"><div class=\"g-cols vc_row via_grid cols_1 laptops-cols_inherit tablets-cols_inherit mobiles-cols_1 valign_top type_default stacking_default\"><div class=\"wpb_column vc_column_container us_custom_b9055c57\"><div class=\"vc_column-inner\"><\/div><\/div><\/div><\/div><\/section><section class=\"l-section wpb_row height_auto\"><div class=\"l-section-h i-cf\"><div class=\"g-cols vc_row via_grid cols_1 laptops-cols_inherit tablets-cols_inherit mobiles-cols_1 valign_top type_default stacking_default\"><div class=\"wpb_column vc_column_container us_custom_aa12ce14\"><div class=\"vc_column-inner\"><\/div><\/div><\/div><\/div><\/section><section class=\"l-section wpb_row us_custom_4b0d3a03 height_auto\"><div class=\"l-section-h i-cf\"><div class=\"g-cols vc_row via_grid cols_1 laptops-cols_inherit tablets-cols_inherit mobiles-cols_1 valign_top type_default stacking_default\"><div class=\"wpb_column vc_column_container\"><div class=\"vc_column-inner\"><h1 class=\"w-text us_custom_e703a109\"><span class=\"w-text-h\"><span class=\"w-text-value\">Praxisimpressionen<\/span><\/span><\/h1><div class=\"wpb_text_column us_custom_dcb1d5be\"><div class=\"wpb_wrapper\"><h3><strong>Team der Praxis am Salinenpark \u2013 Ihr Hausarzt in Werne<\/strong><\/h3>\n<p>Willkommen im <strong>Team der Praxis am Salinenpark<\/strong>! Als Ihr <strong>Hausarzt in Werne<\/strong> bieten wir Ihnen eine moderne und komfortable Praxis, in der Ihre Gesundheit im Mittelpunkt steht. Unser <strong>Team der Praxis am Salinenpark<\/strong> ist darauf spezialisiert, Ihnen eine hochwertige medizinische Versorgung in einer angenehmen, einladenden Umgebung zu bieten.<\/p>\n<h3><strong>Moderne Praxisr\u00e4ume f\u00fcr Ihr Wohlbefinden<\/strong><\/h3>\n<p>Unser <strong>Team der Praxis am Salinenpark<\/strong> hat es sich zur Aufgabe gemacht, eine Atmosph\u00e4re zu schaffen, die sowohl f\u00fcr Ihre Gesundheit als auch f\u00fcr Ihr Wohlbefinden f\u00f6rderlich ist. Die Praxisr\u00e4ume sind mit modernen medizinischen Ger\u00e4ten ausgestattet und bieten gleichzeitig eine gem\u00fctliche und entspannende Umgebung. Von hellen Farben bis zu stilvollen M\u00f6beln \u2013 bei uns f\u00fchlen Sie sich sofort wohl. Der Wartebereich l\u00e4dt zum Entspannen ein, w\u00e4hrend Sie auf Ihren Termin warten, und sorgt daf\u00fcr, dass Sie sich rundum gut betreut f\u00fchlen.<\/p>\n<h3><strong>Hygiene und Sicherheit durch Luftfilter<\/strong><\/h3>\n<p>Im <strong>Team der Praxis am Salinenpark<\/strong> legen wir besonderen Wert auf Ihre Sicherheit. Deshalb haben wir in allen R\u00e4umen moderne Luftfilter installiert, die Bakterien, Viren und Schadstoffe aus der Luft entfernen. Das sorgt f\u00fcr eine besonders saubere und gesunde Luft, die insbesondere in der Erk\u00e4ltungs- und Allergiesaison Ihr Wohlbefinden f\u00f6rdert. Wir m\u00f6chten, dass Sie sich sicher und gesch\u00fctzt f\u00fchlen, egal zu welcher Jahreszeit Sie uns besuchen.<\/p>\n<h3><strong>Komfort und moderne Ausstattung in den Behandlungszimmern<\/strong><\/h3>\n<p>Unsere Behandlungszimmer sind mit der neuesten medizinischen Technologie ausgestattet, um Ihnen eine effektive und zugleich angenehme Behandlung zu bieten. Das <strong>Team der Praxis am Salinenpark<\/strong> sorgt daf\u00fcr, dass Sie sich w\u00e4hrend Ihrer Behandlung immer sicher und wohl f\u00fchlen. Die angenehme Raumgestaltung, ergonomische Liegen und sanfte Beleuchtung tragen dazu bei, dass Sie sich bestens betreut f\u00fchlen.<\/p>\n<h3><strong>Einf\u00fchlsame Betreuung und pers\u00f6nliche Beratung<\/strong><\/h3>\n<p>Als Ihr <strong>Hausarzt in Werne<\/strong> ist uns eine enge und vertrauensvolle Beziehung zu unseren Patienten sehr wichtig. Das <strong>Team der Praxis am Salinenpark<\/strong> nimmt sich Zeit f\u00fcr Sie und geht auf Ihre individuellen Bed\u00fcrfnisse ein. Wir bieten Ihnen nicht nur eine fachkundige medizinische Versorgung, sondern auch eine pers\u00f6nliche und einf\u00fchlsame Betreuung, die auf Ihre Gesundheit und Ihr Wohlbefinden ausgerichtet ist.<\/p>\n<h3><strong>Ihr Hausarzt in Werne \u2013 Vertrauen Sie dem Team der Praxis am Salinenpark<\/strong><\/h3>\n<p>Das <strong>Team der Praxis am Salinenpark<\/strong> ist stets bestrebt, Ihnen den bestm\u00f6glichen Service zu bieten. Wir bieten Ihnen eine Praxis, in der Sie sich rundum wohlf\u00fchlen und bestens versorgt wissen. Wir freuen uns darauf, Sie in unserer modernen Praxis in Werne begr\u00fc\u00dfen zu d\u00fcrfen und Sie auf Ihrem Gesundheitsweg zu begleiten. Vereinbaren Sie einen <a href=\"https:\/\/www.termin-patmed.de\/p\/hausarztpraxis-am-salinenpark\">Termin<\/a>.<\/p>\n<\/div><\/div><\/div><\/div><\/div><\/div><\/section><section class=\"l-section wpb_row height_auto width_full\"><div class=\"l-section-h i-cf\"><div class=\"g-cols vc_row via_grid cols_1 laptops-cols_inherit tablets-cols_inherit mobiles-cols_1 valign_top type_default stacking_default\"><div class=\"wpb_column vc_column_container\"><div class=\"vc_column-inner\"><\/div><\/div><\/div><\/div><\/section><section class=\"l-section wpb_row height_auto\"><div class=\"l-section-h i-cf\"><div class=\"g-cols vc_row via_grid cols_1 laptops-cols_inherit tablets-cols_inherit mobiles-cols_1 valign_top type_default stacking_default\"><div class=\"wpb_column vc_column_container us_custom_62399e63\"><div class=\"vc_column-inner\"><\/div><\/div><\/div><\/div><\/section><section class=\"l-section wpb_row height_auto width_full\"><div class=\"l-section-h i-cf\"><div class=\"g-cols vc_row via_grid cols_1 laptops-cols_inherit tablets-cols_inherit mobiles-cols_1 valign_top type_default stacking_default\"><div class=\"wpb_column vc_column_container\"><div class=\"vc_column-inner\"><div class=\"w-slider us_custom_0472e96b style_none fit_cover nav_none count_8\"><div class=\"w-slider-h\" aria-hidden=\"true\"><div class=\"royalSlider\"><div class=\"rsContent\"><a class=\"rsImg\" data-rsw=\"2560\" data-rsh=\"1919\" href=\"https:\/\/www.hausarztpraxis-am-salinenpark.de\/wp-content\/uploads\/2024\/10\/IMG_3836-scaled.jpeg\"><span data-alt=\"\"><\/span><\/a><\/div><div class=\"rsContent\"><a class=\"rsImg\" data-rsw=\"1090\" data-rsh=\"720\" href=\"https:\/\/www.hausarztpraxis-am-salinenpark.de\/wp-content\/uploads\/2024\/10\/414717ED-89D5-4EFA-92C4-D57DC7475043_1_105_c.jpeg\"><span data-alt=\"\"><\/span><\/a><\/div><div class=\"rsContent\"><a class=\"rsImg\" data-rsw=\"1086\" data-rsh=\"723\" href=\"https:\/\/www.hausarztpraxis-am-salinenpark.de\/wp-content\/uploads\/2024\/10\/7CAFC383-4E4C-4776-881C-61BB976D4FCB_1_105_c.jpeg\"><span data-alt=\"\"><\/span><\/a><\/div><div class=\"rsContent\"><a class=\"rsImg\" data-rsw=\"1161\" data-rsh=\"677\" href=\"https:\/\/www.hausarztpraxis-am-salinenpark.de\/wp-content\/uploads\/2024\/10\/595B5CF3-42B5-4DBF-A946-BC18D8F06FFF_1_105_c.jpeg\"><span data-alt=\"\"><\/span><\/a><\/div><div class=\"rsContent\"><a class=\"rsImg\" data-rsw=\"1095\" data-rsh=\"718\" href=\"https:\/\/www.hausarztpraxis-am-salinenpark.de\/wp-content\/uploads\/2024\/10\/C90A044F-FFCC-48FF-857B-B44733D0BCF3_1_105_c.jpeg\"><span data-alt=\"\"><\/span><\/a><\/div><div class=\"rsContent\"><a class=\"rsImg\" data-rsw=\"1113\" data-rsh=\"705\" href=\"https:\/\/www.hausarztpraxis-am-salinenpark.de\/wp-content\/uploads\/2024\/10\/E9C468D0-3867-4287-A0E8-CD544781978D_1_105_c.jpeg\"><span data-alt=\"\"><\/span><\/a><\/div><div class=\"rsContent\"><a class=\"rsImg\" data-rsw=\"1101\" data-rsh=\"715\" href=\"https:\/\/www.hausarztpraxis-am-salinenpark.de\/wp-content\/uploads\/2024\/10\/7E0C54EE-0B0B-4D1B-A7A6-602614ABFC1B_1_105_c.jpeg\"><span data-alt=\"\"><\/span><\/a><\/div><div class=\"rsContent\"><a class=\"rsImg\" data-rsw=\"1078\" data-rsh=\"728\" href=\"https:\/\/www.hausarztpraxis-am-salinenpark.de\/wp-content\/uploads\/2024\/10\/3D0FCCF1-8D3B-41EE-ABB0-1197F4137272_1_105_c.jpeg\"><span data-alt=\"\"><\/span><\/a><\/div><\/div><img decoding=\"async\" src=\"https:\/\/www.hausarztpraxis-am-salinenpark.de\/wp-content\/uploads\/2024\/10\/IMG_3836-scaled.jpeg\" width=\"2560\" height=\"1919\" alt loading=\"lazy\"><\/div><div class=\"w-slider-json\" onclick='return {&quot;autoScaleSlider&quot;:false,&quot;addActiveClass&quot;:true,&quot;loop&quot;:true,&quot;fadeInLoadedSlide&quot;:false,&quot;slidesSpacing&quot;:0,&quot;imageScalePadding&quot;:0,&quot;numImagesToPreload&quot;:2,&quot;arrowsNav&quot;:true,&quot;arrowsNavAutoHide&quot;:false,&quot;transitionType&quot;:&quot;fade&quot;,&quot;transitionSpeed&quot;:350,&quot;block&quot;:{&quot;moveEffect&quot;:&quot;none&quot;,&quot;speed&quot;:300},&quot;thumbs&quot;:{&quot;fitInViewport&quot;:false,&quot;firstMargin&quot;:false,&quot;spacing&quot;:4},&quot;controlNavigation&quot;:&quot;none&quot;}'><\/div><\/div><div class=\"w-separator size_medium\"><\/div><\/div><\/div><\/div><\/div><\/section><section class=\"l-section wpb_row height_auto width_full\"><div class=\"l-section-h i-cf\"><div class=\"g-cols vc_row via_grid cols_1 laptops-cols_inherit tablets-cols_inherit mobiles-cols_1 valign_top type_default stacking_default\"><div class=\"wpb_column vc_column_container\"><div class=\"vc_column-inner\"><\/div><\/div><\/div><\/div><\/section><section class=\"l-section wpb_row height_auto width_full\"><div class=\"l-section-h i-cf\"><div class=\"g-cols vc_row via_grid cols_1 laptops-cols_inherit tablets-cols_inherit mobiles-cols_1 valign_top type_default stacking_default\"><div class=\"wpb_column vc_column_container\"><div class=\"vc_column-inner\"><\/div><\/div><\/div><\/div><\/section>\n","protected":false},"excerpt":{"rendered":"Das TeamDr. med. Jana Buschmann Praxisinhaberin Fach\u00e4rztin f\u00fcr Innere Medizin Zusatzbezeichnungen: Diabetologie, Ern\u00e4hrungsmedizin mehr erfahrenFrau Annuth- Dyckhoff MFA hauptverantwortlich f\u00fcr DMP Diabetes Frau Gierke MFA Fachwirtin f\u00fcr ambulante medizinische Versorgung Ern\u00e4hrungsmedizin f\u00fcr MFAs Leitung Labor\/Funktionsdiagnostik Frau Jedek ZmFA Kauffrau f\u00fcr B\u00fcromanagment Praxismanagerin Leitung Anmeldung Frau Solny MFA Wundassistentin DDG hauptverantwortlich f\u00fcr Wundmanagement Hausbesuche zur Blutentnahme...","protected":false},"author":1,"featured_media":0,"parent":0,"menu_order":0,"comment_status":"closed","ping_status":"closed","template":"","meta":{"footnotes":""},"class_list":["post-33","page","type-page","status-publish","hentry"],"yoast_head":"<!-- This site is optimized with the Yoast SEO Premium plugin v26.3 (Yoast SEO v27.3) - https:\/\/yoast.com\/product\/yoast-seo-premium-wordpress\/ -->\n<title>Team der Praxis am Salinenpark - Praxis - Hausarztpraxis am Salinenpark Werne \u2013 Ihre \u00c4rztin f\u00fcr Allgemeinmedizin und Diabetologie<\/title>\n<meta name=\"description\" content=\"Erfahren Sie mehr \u00fcber das Team der Praxis am Salinenpark - Fach\u00e4rztin f\u00fcr Innere Medizin und Expertin f\u00fcr Ihre Gesundheit und Wohlbefinden.\" \/>\n<meta name=\"robots\" content=\"index, follow, max-snippet:-1, max-image-preview:large, max-video-preview:-1\" \/>\n<link rel=\"canonical\" href=\"https:\/\/www.hausarztpraxis-am-salinenpark.de\/index.php\/team-der-praxis-am-salinenpark\/\" \/>\n<meta property=\"og:locale\" content=\"de_DE\" \/>\n<meta property=\"og:type\" content=\"article\" \/>\n<meta property=\"og:title\" content=\"Praxis\" \/>\n<meta property=\"og:description\" content=\"Erfahren Sie mehr \u00fcber das Team der Praxis am Salinenpark - Fach\u00e4rztin f\u00fcr Innere Medizin und Expertin f\u00fcr Ihre Gesundheit und Wohlbefinden.\" \/>\n<meta property=\"og:url\" content=\"https:\/\/www.hausarztpraxis-am-salinenpark.de\/index.php\/team-der-praxis-am-salinenpark\/\" \/>\n<meta property=\"og:site_name\" content=\"Hausarztpraxis am Salinenpark Werne \u2013 Ihre \u00c4rztin f\u00fcr Allgemeinmedizin und Diabetologie\" \/>\n<meta property=\"article:modified_time\" content=\"2025-07-06T11:36:38+00:00\" \/>\n<meta name=\"twitter:card\" content=\"summary_large_image\" \/>\n<meta name=\"twitter:label1\" content=\"Gesch\u00e4tzte Lesezeit\" \/>\n\t<meta name=\"twitter:data1\" content=\"4\u00a0Minuten\" \/>\n<script type=\"application\/ld+json\" class=\"yoast-schema-graph\">{\"@context\":\"https:\\\/\\\/schema.org\",\"@graph\":[{\"@type\":\"WebPage\",\"@id\":\"https:\\\/\\\/www.hausarztpraxis-am-salinenpark.de\\\/index.php\\\/team-der-praxis-am-salinenpark\\\/\",\"url\":\"https:\\\/\\\/www.hausarztpraxis-am-salinenpark.de\\\/index.php\\\/team-der-praxis-am-salinenpark\\\/\",\"name\":\"Team der Praxis am Salinenpark - Praxis - Hausarztpraxis am Salinenpark Werne \u2013 Ihre \u00c4rztin f\u00fcr Allgemeinmedizin und Diabetologie\",\"isPartOf\":{\"@id\":\"https:\\\/\\\/www.hausarztpraxis-am-salinenpark.de\\\/#website\"},\"datePublished\":\"2022-05-14T16:13:59+00:00\",\"dateModified\":\"2025-07-06T11:36:38+00:00\",\"description\":\"Erfahren Sie mehr \u00fcber das Team der Praxis am Salinenpark - Fach\u00e4rztin f\u00fcr Innere Medizin und Expertin f\u00fcr Ihre Gesundheit und Wohlbefinden.\",\"breadcrumb\":{\"@id\":\"https:\\\/\\\/www.hausarztpraxis-am-salinenpark.de\\\/index.php\\\/team-der-praxis-am-salinenpark\\\/#breadcrumb\"},\"inLanguage\":\"de\",\"potentialAction\":[{\"@type\":\"ReadAction\",\"target\":[\"https:\\\/\\\/www.hausarztpraxis-am-salinenpark.de\\\/index.php\\\/team-der-praxis-am-salinenpark\\\/\"]}]},{\"@type\":\"BreadcrumbList\",\"@id\":\"https:\\\/\\\/www.hausarztpraxis-am-salinenpark.de\\\/index.php\\\/team-der-praxis-am-salinenpark\\\/#breadcrumb\",\"itemListElement\":[{\"@type\":\"ListItem\",\"position\":1,\"name\":\"Startseite\",\"item\":\"https:\\\/\\\/www.hausarztpraxis-am-salinenpark.de\\\/\"},{\"@type\":\"ListItem\",\"position\":2,\"name\":\"Praxis\"}]},{\"@type\":\"WebSite\",\"@id\":\"https:\\\/\\\/www.hausarztpraxis-am-salinenpark.de\\\/#website\",\"url\":\"https:\\\/\\\/www.hausarztpraxis-am-salinenpark.de\\\/\",\"name\":\"Hausarztpraxis am Salinenpark Werne \u2013 Ihre \u00c4rztin f\u00fcr Allgemeinmedizin und Diabetologie\",\"description\":\"In der Hausarztpraxis am Salinenpark in Werne bietet Ihre erfahrene \u00c4rztin umfassende Betreuung in Allgemeinmedizin und Diabetologie. Von Vorsorgeuntersuchungen \u00fcber individuelle Diagnostik bis hin zu spezialisierter Diabetesberatung \u2013 vertrauen Sie auf pers\u00f6nliche und fachkundige Gesundheitsversorgung. Vereinbaren Sie jetzt Ihren Termin!\",\"potentialAction\":[{\"@type\":\"SearchAction\",\"target\":{\"@type\":\"EntryPoint\",\"urlTemplate\":\"https:\\\/\\\/www.hausarztpraxis-am-salinenpark.de\\\/?s={search_term_string}\"},\"query-input\":{\"@type\":\"PropertyValueSpecification\",\"valueRequired\":true,\"valueName\":\"search_term_string\"}}],\"inLanguage\":\"de\"}]}<\/script>\n<!-- \/ Yoast SEO Premium plugin. -->","yoast_head_json":{"title":"Team der Praxis am Salinenpark - Praxis - Hausarztpraxis am Salinenpark Werne \u2013 Ihre \u00c4rztin f\u00fcr Allgemeinmedizin und Diabetologie","description":"Erfahren Sie mehr \u00fcber das Team der Praxis am Salinenpark - Fach\u00e4rztin f\u00fcr Innere Medizin und Expertin f\u00fcr Ihre Gesundheit und Wohlbefinden.","robots":{"index":"index","follow":"follow","max-snippet":"max-snippet:-1","max-image-preview":"max-image-preview:large","max-video-preview":"max-video-preview:-1"},"canonical":"https:\/\/www.hausarztpraxis-am-salinenpark.de\/index.php\/team-der-praxis-am-salinenpark\/","og_locale":"de_DE","og_type":"article","og_title":"Praxis","og_description":"Erfahren Sie mehr \u00fcber das Team der Praxis am Salinenpark - Fach\u00e4rztin f\u00fcr Innere Medizin und Expertin f\u00fcr Ihre Gesundheit und Wohlbefinden.","og_url":"https:\/\/www.hausarztpraxis-am-salinenpark.de\/index.php\/team-der-praxis-am-salinenpark\/","og_site_name":"Hausarztpraxis am Salinenpark Werne \u2013 Ihre \u00c4rztin f\u00fcr Allgemeinmedizin und Diabetologie","article_modified_time":"2025-07-06T11:36:38+00:00","twitter_card":"summary_large_image","twitter_misc":{"Gesch\u00e4tzte Lesezeit":"4\u00a0Minuten"},"schema":{"@context":"https:\/\/schema.org","@graph":[{"@type":"WebPage","@id":"https:\/\/www.hausarztpraxis-am-salinenpark.de\/index.php\/team-der-praxis-am-salinenpark\/","url":"https:\/\/www.hausarztpraxis-am-salinenpark.de\/index.php\/team-der-praxis-am-salinenpark\/","name":"Team der Praxis am Salinenpark - Praxis - Hausarztpraxis am Salinenpark Werne \u2013 Ihre \u00c4rztin f\u00fcr Allgemeinmedizin und Diabetologie","isPartOf":{"@id":"https:\/\/www.hausarztpraxis-am-salinenpark.de\/#website"},"datePublished":"2022-05-14T16:13:59+00:00","dateModified":"2025-07-06T11:36:38+00:00","description":"Erfahren Sie mehr \u00fcber das Team der Praxis am Salinenpark - Fach\u00e4rztin f\u00fcr Innere Medizin und Expertin f\u00fcr Ihre Gesundheit und Wohlbefinden.","breadcrumb":{"@id":"https:\/\/www.hausarztpraxis-am-salinenpark.de\/index.php\/team-der-praxis-am-salinenpark\/#breadcrumb"},"inLanguage":"de","potentialAction":[{"@type":"ReadAction","target":["https:\/\/www.hausarztpraxis-am-salinenpark.de\/index.php\/team-der-praxis-am-salinenpark\/"]}]},{"@type":"BreadcrumbList","@id":"https:\/\/www.hausarztpraxis-am-salinenpark.de\/index.php\/team-der-praxis-am-salinenpark\/#breadcrumb","itemListElement":[{"@type":"ListItem","position":1,"name":"Startseite","item":"https:\/\/www.hausarztpraxis-am-salinenpark.de\/"},{"@type":"ListItem","position":2,"name":"Praxis"}]},{"@type":"WebSite","@id":"https:\/\/www.hausarztpraxis-am-salinenpark.de\/#website","url":"https:\/\/www.hausarztpraxis-am-salinenpark.de\/","name":"Hausarztpraxis am Salinenpark Werne \u2013 Ihre \u00c4rztin f\u00fcr Allgemeinmedizin und Diabetologie","description":"In der Hausarztpraxis am Salinenpark in Werne bietet Ihre erfahrene \u00c4rztin umfassende Betreuung in Allgemeinmedizin und Diabetologie. Von Vorsorgeuntersuchungen \u00fcber individuelle Diagnostik bis hin zu spezialisierter Diabetesberatung \u2013 vertrauen Sie auf pers\u00f6nliche und fachkundige Gesundheitsversorgung. Vereinbaren Sie jetzt Ihren Termin!","potentialAction":[{"@type":"SearchAction","target":{"@type":"EntryPoint","urlTemplate":"https:\/\/www.hausarztpraxis-am-salinenpark.de\/?s={search_term_string}"},"query-input":{"@type":"PropertyValueSpecification","valueRequired":true,"valueName":"search_term_string"}}],"inLanguage":"de"}]}},"_links":{"self":[{"href":"https:\/\/www.hausarztpraxis-am-salinenpark.de\/index.php\/wp-json\/wp\/v2\/pages\/33","targetHints":{"allow":["GET"]}}],"collection":[{"href":"https:\/\/www.hausarztpraxis-am-salinenpark.de\/index.php\/wp-json\/wp\/v2\/pages"}],"about":[{"href":"https:\/\/www.hausarztpraxis-am-salinenpark.de\/index.php\/wp-json\/wp\/v2\/types\/page"}],"author":[{"embeddable":true,"href":"https:\/\/www.hausarztpraxis-am-salinenpark.de\/index.php\/wp-json\/wp\/v2\/users\/1"}],"replies":[{"embeddable":true,"href":"https:\/\/www.hausarztpraxis-am-salinenpark.de\/index.php\/wp-json\/wp\/v2\/comments?post=33"}],"version-history":[{"count":58,"href":"https:\/\/www.hausarztpraxis-am-salinenpark.de\/index.php\/wp-json\/wp\/v2\/pages\/33\/revisions"}],"predecessor-version":[{"id":9004,"href":"https:\/\/www.hausarztpraxis-am-salinenpark.de\/index.php\/wp-json\/wp\/v2\/pages\/33\/revisions\/9004"}],"wp:attachment":[{"href":"https:\/\/www.hausarztpraxis-am-salinenpark.de\/index.php\/wp-json\/wp\/v2\/media?parent=33"}],"curies":[{"name":"wp","href":"https:\/\/api.w.org\/{rel}","templated":true}]}}