{"id":2565,"date":"2013-12-17T09:39:11","date_gmt":"2013-12-17T09:39:11","guid":{"rendered":"http:\/\/impreza.us-themes.net\/?page_id=2565"},"modified":"2025-01-22T17:34:57","modified_gmt":"2025-01-22T16:34:57","slug":"jana-buschmann-hausaerztin-in-werne-am-salinenpark","status":"publish","type":"page","link":"https:\/\/www.hausarztpraxis-am-salinenpark.de\/index.php\/jana-buschmann-hausaerztin-in-werne-am-salinenpark\/","title":{"rendered":"Jana Buschmann"},"content":{"rendered":"<section class=\"l-section wpb_row height_auto\"><div class=\"l-section-h i-cf\"><div class=\"g-cols vc_row via_grid cols_1 laptops-cols_inherit tablets-cols_inherit mobiles-cols_1 valign_top type_default stacking_default\"><div class=\"wpb_column vc_column_container\"><div class=\"vc_column-inner\"><div class=\"g-cols wpb_row via_grid cols_2 laptops-cols_inherit tablets-cols_inherit mobiles-cols_1 valign_middle type_default stacking_default\" style=\"--columns-gap:3rem;\"><div class=\"wpb_column vc_column_container\"><div class=\"vc_column-inner\"><div class=\"wpb_text_column us_custom_68dddbd1\"><div class=\"wpb_wrapper\"><h4><strong>Dr. Jana Buschmann \u2013 Ihre neue Haus\u00e4rztin in Werne am Salinenpark<\/strong><\/h4>\n<p>Herzlich willkommen! Mein Name ist <strong>Dr. Jana Buschmann<\/strong>, und ich freue mich, mich Ihnen als neue <strong>Haus\u00e4rztin in Werne am Salinenpark<\/strong> vorzustellen. Ich bin Fach\u00e4rztin f\u00fcr <strong>Innere Medizin<\/strong>, mit den Zusatzqualifikationen <strong>Diabetologie<\/strong> und <strong>Ern\u00e4hrungsmedizin<\/strong>. In meiner Praxis biete ich Ihnen kompetente und ganzheitliche Betreuung, die auf Ihre individuellen Gesundheitsbed\u00fcrfnisse abgestimmt ist.<\/p>\n<h6><strong>Langj\u00e4hrige Erfahrung als Fach\u00e4rztin und Haus\u00e4rztin in Werne<\/strong><\/h6>\n<p>Meine medizinische Laufbahn begann im <a href=\"https:\/\/www.klinikum-luenen.de\">St. Marien-Hospital<\/a> in L\u00fcnen, wo ich von 2009 bis 2016 meine Assistenzarztzeit absolvierte. Danach arbeitete ich dort bis 2021 als Fach\u00e4rztin mit einem Schwerpunkt auf <strong>Gastroenterologie<\/strong> und <strong>Diabetologie<\/strong>. Diese Jahre haben nicht nur mein fachliches Wissen vertieft, sondern mir auch wertvolle Erfahrungen als Mutter von drei S\u00f6hnen vermittelt. Diese Perspektive hilft mir, besonders empathisch auf die Anliegen meiner Patienten einzugehen.<\/p>\n<h6><strong>Kompetente und ganzheitliche Betreuung als Haus\u00e4rztin in Werne<\/strong><\/h6>\n<p>Ab 2021 arbeitete ich als <strong>Haus\u00e4rztin in Bergkamen<\/strong>, wo ich alle notwendigen Weiterbildungsinhalte zur <strong>Allgemeinmedizin<\/strong> erfolgreich absolvierte und meine Kenntnisse in der <strong>psychosomatischen Grundversorgung<\/strong>erweiterte. In dieser Zeit habe ich mich auch intensiv mit <strong>Achtsamkeit<\/strong>, <strong>Pers\u00f6nlichkeitsentwicklung<\/strong> und <strong>Kommunikation<\/strong> besch\u00e4ftigt, um meine Patienten nicht nur medizinisch, sondern auch ganzheitlich betreuen zu k\u00f6nnen.<\/p>\n<h6><strong>Ihre Haus\u00e4rztin am Salinenpark \u2013 F\u00fcr Ihre Gesundheit in Werne<\/strong><\/h6>\n<p>Ich freue mich darauf, als Ihre <strong>Haus\u00e4rztin in Werne am Salinenpark<\/strong> Ihr Vertrauen zu gewinnen. Mit meiner Erfahrung in der <strong>Diabetologie<\/strong> und <strong>Ern\u00e4hrungsmedizin<\/strong> m\u00f6chte ich Sie sowohl im therapeutischen als auch im pr\u00e4ventiven Bereich bestm\u00f6glich unterst\u00fctzen. Ob es um die richtige Ern\u00e4hrung, Diabetesmanagement oder regelm\u00e4\u00dfige Vorsorgeuntersuchungen geht \u2013 ich stehe Ihnen mit Rat und Tat zur Seite.<\/p>\n<h6><strong>Individuelle Betreuung und Pr\u00e4vention f\u00fcr Ihre Gesundheit<\/strong><\/h6>\n<p>In der <strong>Hausarztpraxis am Salinenpark in Werne<\/strong> biete ich Ihnen eine umfassende und individuelle Betreuung. Sie profitieren nicht nur von meiner Fachkompetenz, sondern auch von einer empathischen, auf Ihre Bed\u00fcrfnisse abgestimmten Gesundheitsversorgung. Ich freue mich darauf, mit Ihnen zusammenzuarbeiten, um Ihre Gesundheit nachhaltig zu f\u00f6rdern.<\/p>\n<p><span style=\"letter-spacing: 0em;\">Bei <\/span><a style=\"letter-spacing: 0em;\" href=\"https:\/\/www.hausarztpraxis-am-salinenpark.de\/index.php\/contact\/\">Fragen<\/a><span style=\"letter-spacing: 0em;\"> oder Anliegen stehe ich Ihnen als Haus\u00e4rztin in Werne am Salinenpark selbstverst\u00e4ndlich gerne zur Verf\u00fcgung und freue mich, Sie bald pers\u00f6nlich kennenzulernen.<\/span><\/p>\n<\/div><\/div><\/div><\/div><div class=\"wpb_column vc_column_container\"><div class=\"vc_column-inner\"><div class=\"w-image us_custom_e1877f8a align_center\"><div class=\"w-image-h\"><img decoding=\"async\" width=\"724\" height=\"1086\" src=\"https:\/\/www.hausarztpraxis-am-salinenpark.de\/wp-content\/uploads\/2024\/10\/211D5484-6627-47E9-834B-8E3A8E8CF0BD_1_105_c.jpeg\" class=\"attachment-full size-full\" alt=\"\" loading=\"lazy\" srcset=\"https:\/\/www.hausarztpraxis-am-salinenpark.de\/wp-content\/uploads\/2024\/10\/211D5484-6627-47E9-834B-8E3A8E8CF0BD_1_105_c.jpeg 724w, https:\/\/www.hausarztpraxis-am-salinenpark.de\/wp-content\/uploads\/2024\/10\/211D5484-6627-47E9-834B-8E3A8E8CF0BD_1_105_c-200x300.jpeg 200w, https:\/\/www.hausarztpraxis-am-salinenpark.de\/wp-content\/uploads\/2024\/10\/211D5484-6627-47E9-834B-8E3A8E8CF0BD_1_105_c-683x1024.jpeg 683w\" sizes=\"auto, (max-width: 724px) 100vw, 724px\" \/><\/div><\/div><\/div><\/div><\/div><div class=\"w-separator size_medium\"><\/div><\/div><\/div><\/div><\/div><\/section>\n","protected":false},"excerpt":{"rendered":"Dr. Jana Buschmann \u2013 Ihre neue Haus\u00e4rztin in Werne am Salinenpark Herzlich willkommen! Mein Name ist Dr. Jana Buschmann, und ich freue mich, mich Ihnen als neue Haus\u00e4rztin in Werne am Salinenpark vorzustellen. Ich bin Fach\u00e4rztin f\u00fcr Innere Medizin, mit den Zusatzqualifikationen Diabetologie und Ern\u00e4hrungsmedizin. In meiner Praxis biete ich Ihnen kompetente und ganzheitliche Betreuung,...","protected":false},"author":1,"featured_media":0,"parent":0,"menu_order":0,"comment_status":"closed","ping_status":"closed","template":"","meta":{"footnotes":""},"class_list":["post-2565","page","type-page","status-publish","hentry"],"yoast_head":"<!-- This site is optimized with the Yoast SEO Premium plugin v26.3 (Yoast SEO v27.3) - https:\/\/yoast.com\/product\/yoast-seo-premium-wordpress\/ -->\n<title>Jana Buschmann - Haus\u00e4rztin in Werne am Salinenpark - Hausarztpraxis am Salinenpark Werne \u2013 Ihre \u00c4rztin f\u00fcr Allgemeinmedizin und Diabetologie<\/title>\n<meta name=\"description\" content=\"Dr. Jana Buschmann - Ihre Haus\u00e4rztin in Werne am Salinenpark. Erfahren Sie mehr \u00fcber Fachgebiete und Qualifikationen\" \/>\n<meta name=\"robots\" content=\"index, follow, max-snippet:-1, max-image-preview:large, max-video-preview:-1\" \/>\n<link rel=\"canonical\" href=\"https:\/\/www.hausarztpraxis-am-salinenpark.de\/index.php\/jana-buschmann-hausaerztin-in-werne-am-salinenpark\/\" \/>\n<meta property=\"og:locale\" content=\"de_DE\" \/>\n<meta property=\"og:type\" content=\"article\" \/>\n<meta property=\"og:title\" content=\"Jana Buschmann\" \/>\n<meta property=\"og:description\" content=\"Dr. Jana Buschmann - Ihre Haus\u00e4rztin in Werne am Salinenpark. Erfahren Sie mehr \u00fcber Fachgebiete und Qualifikationen\" \/>\n<meta property=\"og:url\" content=\"https:\/\/www.hausarztpraxis-am-salinenpark.de\/index.php\/jana-buschmann-hausaerztin-in-werne-am-salinenpark\/\" \/>\n<meta property=\"og:site_name\" content=\"Hausarztpraxis am Salinenpark Werne \u2013 Ihre \u00c4rztin f\u00fcr Allgemeinmedizin und Diabetologie\" \/>\n<meta property=\"article:modified_time\" content=\"2025-01-22T16:34:57+00:00\" \/>\n<meta name=\"twitter:card\" content=\"summary_large_image\" \/>\n<meta name=\"twitter:label1\" content=\"Gesch\u00e4tzte Lesezeit\" \/>\n\t<meta name=\"twitter:data1\" content=\"2\u00a0Minuten\" \/>\n<script type=\"application\/ld+json\" class=\"yoast-schema-graph\">{\"@context\":\"https:\\\/\\\/schema.org\",\"@graph\":[{\"@type\":\"WebPage\",\"@id\":\"https:\\\/\\\/www.hausarztpraxis-am-salinenpark.de\\\/index.php\\\/jana-buschmann-hausaerztin-in-werne-am-salinenpark\\\/\",\"url\":\"https:\\\/\\\/www.hausarztpraxis-am-salinenpark.de\\\/index.php\\\/jana-buschmann-hausaerztin-in-werne-am-salinenpark\\\/\",\"name\":\"Jana Buschmann - Haus\u00e4rztin in Werne am Salinenpark - Hausarztpraxis am Salinenpark Werne \u2013 Ihre \u00c4rztin f\u00fcr Allgemeinmedizin und Diabetologie\",\"isPartOf\":{\"@id\":\"https:\\\/\\\/www.hausarztpraxis-am-salinenpark.de\\\/#website\"},\"datePublished\":\"2013-12-17T09:39:11+00:00\",\"dateModified\":\"2025-01-22T16:34:57+00:00\",\"description\":\"Dr. Jana Buschmann - Ihre Haus\u00e4rztin in Werne am Salinenpark. Erfahren Sie mehr \u00fcber Fachgebiete und Qualifikationen\",\"breadcrumb\":{\"@id\":\"https:\\\/\\\/www.hausarztpraxis-am-salinenpark.de\\\/index.php\\\/jana-buschmann-hausaerztin-in-werne-am-salinenpark\\\/#breadcrumb\"},\"inLanguage\":\"de\",\"potentialAction\":[{\"@type\":\"ReadAction\",\"target\":[\"https:\\\/\\\/www.hausarztpraxis-am-salinenpark.de\\\/index.php\\\/jana-buschmann-hausaerztin-in-werne-am-salinenpark\\\/\"]}]},{\"@type\":\"BreadcrumbList\",\"@id\":\"https:\\\/\\\/www.hausarztpraxis-am-salinenpark.de\\\/index.php\\\/jana-buschmann-hausaerztin-in-werne-am-salinenpark\\\/#breadcrumb\",\"itemListElement\":[{\"@type\":\"ListItem\",\"position\":1,\"name\":\"Startseite\",\"item\":\"https:\\\/\\\/www.hausarztpraxis-am-salinenpark.de\\\/\"},{\"@type\":\"ListItem\",\"position\":2,\"name\":\"Jana Buschmann\"}]},{\"@type\":\"WebSite\",\"@id\":\"https:\\\/\\\/www.hausarztpraxis-am-salinenpark.de\\\/#website\",\"url\":\"https:\\\/\\\/www.hausarztpraxis-am-salinenpark.de\\\/\",\"name\":\"Hausarztpraxis am Salinenpark Werne \u2013 Ihre \u00c4rztin f\u00fcr Allgemeinmedizin und Diabetologie\",\"description\":\"In der Hausarztpraxis am Salinenpark in Werne bietet Ihre erfahrene \u00c4rztin umfassende Betreuung in Allgemeinmedizin und Diabetologie. Von Vorsorgeuntersuchungen \u00fcber individuelle Diagnostik bis hin zu spezialisierter Diabetesberatung \u2013 vertrauen Sie auf pers\u00f6nliche und fachkundige Gesundheitsversorgung. Vereinbaren Sie jetzt Ihren Termin!\",\"potentialAction\":[{\"@type\":\"SearchAction\",\"target\":{\"@type\":\"EntryPoint\",\"urlTemplate\":\"https:\\\/\\\/www.hausarztpraxis-am-salinenpark.de\\\/?s={search_term_string}\"},\"query-input\":{\"@type\":\"PropertyValueSpecification\",\"valueRequired\":true,\"valueName\":\"search_term_string\"}}],\"inLanguage\":\"de\"}]}<\/script>\n<!-- \/ Yoast SEO Premium plugin. -->","yoast_head_json":{"title":"Jana Buschmann - Haus\u00e4rztin in Werne am Salinenpark - Hausarztpraxis am Salinenpark Werne \u2013 Ihre \u00c4rztin f\u00fcr Allgemeinmedizin und Diabetologie","description":"Dr. Jana Buschmann - Ihre Haus\u00e4rztin in Werne am Salinenpark. Erfahren Sie mehr \u00fcber Fachgebiete und Qualifikationen","robots":{"index":"index","follow":"follow","max-snippet":"max-snippet:-1","max-image-preview":"max-image-preview:large","max-video-preview":"max-video-preview:-1"},"canonical":"https:\/\/www.hausarztpraxis-am-salinenpark.de\/index.php\/jana-buschmann-hausaerztin-in-werne-am-salinenpark\/","og_locale":"de_DE","og_type":"article","og_title":"Jana Buschmann","og_description":"Dr. Jana Buschmann - Ihre Haus\u00e4rztin in Werne am Salinenpark. Erfahren Sie mehr \u00fcber Fachgebiete und Qualifikationen","og_url":"https:\/\/www.hausarztpraxis-am-salinenpark.de\/index.php\/jana-buschmann-hausaerztin-in-werne-am-salinenpark\/","og_site_name":"Hausarztpraxis am Salinenpark Werne \u2013 Ihre \u00c4rztin f\u00fcr Allgemeinmedizin und Diabetologie","article_modified_time":"2025-01-22T16:34:57+00:00","twitter_card":"summary_large_image","twitter_misc":{"Gesch\u00e4tzte Lesezeit":"2\u00a0Minuten"},"schema":{"@context":"https:\/\/schema.org","@graph":[{"@type":"WebPage","@id":"https:\/\/www.hausarztpraxis-am-salinenpark.de\/index.php\/jana-buschmann-hausaerztin-in-werne-am-salinenpark\/","url":"https:\/\/www.hausarztpraxis-am-salinenpark.de\/index.php\/jana-buschmann-hausaerztin-in-werne-am-salinenpark\/","name":"Jana Buschmann - Haus\u00e4rztin in Werne am Salinenpark - Hausarztpraxis am Salinenpark Werne \u2013 Ihre \u00c4rztin f\u00fcr Allgemeinmedizin und Diabetologie","isPartOf":{"@id":"https:\/\/www.hausarztpraxis-am-salinenpark.de\/#website"},"datePublished":"2013-12-17T09:39:11+00:00","dateModified":"2025-01-22T16:34:57+00:00","description":"Dr. Jana Buschmann - Ihre Haus\u00e4rztin in Werne am Salinenpark. Erfahren Sie mehr \u00fcber Fachgebiete und Qualifikationen","breadcrumb":{"@id":"https:\/\/www.hausarztpraxis-am-salinenpark.de\/index.php\/jana-buschmann-hausaerztin-in-werne-am-salinenpark\/#breadcrumb"},"inLanguage":"de","potentialAction":[{"@type":"ReadAction","target":["https:\/\/www.hausarztpraxis-am-salinenpark.de\/index.php\/jana-buschmann-hausaerztin-in-werne-am-salinenpark\/"]}]},{"@type":"BreadcrumbList","@id":"https:\/\/www.hausarztpraxis-am-salinenpark.de\/index.php\/jana-buschmann-hausaerztin-in-werne-am-salinenpark\/#breadcrumb","itemListElement":[{"@type":"ListItem","position":1,"name":"Startseite","item":"https:\/\/www.hausarztpraxis-am-salinenpark.de\/"},{"@type":"ListItem","position":2,"name":"Jana Buschmann"}]},{"@type":"WebSite","@id":"https:\/\/www.hausarztpraxis-am-salinenpark.de\/#website","url":"https:\/\/www.hausarztpraxis-am-salinenpark.de\/","name":"Hausarztpraxis am Salinenpark Werne \u2013 Ihre \u00c4rztin f\u00fcr Allgemeinmedizin und Diabetologie","description":"In der Hausarztpraxis am Salinenpark in Werne bietet Ihre erfahrene \u00c4rztin umfassende Betreuung in Allgemeinmedizin und Diabetologie. Von Vorsorgeuntersuchungen \u00fcber individuelle Diagnostik bis hin zu spezialisierter Diabetesberatung \u2013 vertrauen Sie auf pers\u00f6nliche und fachkundige Gesundheitsversorgung. Vereinbaren Sie jetzt Ihren Termin!","potentialAction":[{"@type":"SearchAction","target":{"@type":"EntryPoint","urlTemplate":"https:\/\/www.hausarztpraxis-am-salinenpark.de\/?s={search_term_string}"},"query-input":{"@type":"PropertyValueSpecification","valueRequired":true,"valueName":"search_term_string"}}],"inLanguage":"de"}]}},"_links":{"self":[{"href":"https:\/\/www.hausarztpraxis-am-salinenpark.de\/index.php\/wp-json\/wp\/v2\/pages\/2565","targetHints":{"allow":["GET"]}}],"collection":[{"href":"https:\/\/www.hausarztpraxis-am-salinenpark.de\/index.php\/wp-json\/wp\/v2\/pages"}],"about":[{"href":"https:\/\/www.hausarztpraxis-am-salinenpark.de\/index.php\/wp-json\/wp\/v2\/types\/page"}],"author":[{"embeddable":true,"href":"https:\/\/www.hausarztpraxis-am-salinenpark.de\/index.php\/wp-json\/wp\/v2\/users\/1"}],"replies":[{"embeddable":true,"href":"https:\/\/www.hausarztpraxis-am-salinenpark.de\/index.php\/wp-json\/wp\/v2\/comments?post=2565"}],"version-history":[{"count":8,"href":"https:\/\/www.hausarztpraxis-am-salinenpark.de\/index.php\/wp-json\/wp\/v2\/pages\/2565\/revisions"}],"predecessor-version":[{"id":26343,"href":"https:\/\/www.hausarztpraxis-am-salinenpark.de\/index.php\/wp-json\/wp\/v2\/pages\/2565\/revisions\/26343"}],"wp:attachment":[{"href":"https:\/\/www.hausarztpraxis-am-salinenpark.de\/index.php\/wp-json\/wp\/v2\/media?parent=2565"}],"curies":[{"name":"wp","href":"https:\/\/api.w.org\/{rel}","templated":true}]}}